{"id":13854,"date":"2023-11-07T08:36:14","date_gmt":"2023-11-07T08:36:14","guid":{"rendered":"https:\/\/complit.pl\/?page_id=13854"},"modified":"2025-10-30T11:55:14","modified_gmt":"2025-10-30T11:55:14","slug":"edek","status":"publish","type":"page","link":"https:\/\/complit.pl\/index.php\/edek\/","title":{"rendered":"EDEK"},"content":{"rendered":"\t\t<div data-elementor-type=\"wp-page\" data-elementor-id=\"13854\" class=\"elementor elementor-13854\">\n\t\t\t\t\t\t<section class=\"elementor-section elementor-top-section elementor-element elementor-element-f663707 elementor-section-boxed elementor-section-height-default elementor-section-height-default\" data-id=\"f663707\" data-element_type=\"section\" data-e-type=\"section\">\n\t\t\t\t\t\t<div class=\"elementor-container elementor-column-gap-default\">\n\t\t\t\t\t<div class=\"elementor-column elementor-col-100 elementor-top-column elementor-element elementor-element-26eca5a\" data-id=\"26eca5a\" data-element_type=\"column\" data-e-type=\"column\">\n\t\t\t<div class=\"elementor-widget-wrap\">\n\t\t\t\t\t\t\t<\/div>\n\t\t<\/div>\n\t\t\t\t\t<\/div>\n\t\t<\/section>\n\t\t\t\t<section class=\"elementor-section elementor-top-section elementor-element elementor-element-a547048 elementor-section-boxed elementor-section-height-default elementor-section-height-default\" data-id=\"a547048\" data-element_type=\"section\" data-e-type=\"section\">\n\t\t\t\t\t\t<div class=\"elementor-container elementor-column-gap-no\">\n\t\t\t\t\t<div class=\"elementor-column elementor-col-33 elementor-top-column elementor-element elementor-element-1f7e2cd\" data-id=\"1f7e2cd\" data-element_type=\"column\" data-e-type=\"column\">\n\t\t\t<div class=\"elementor-widget-wrap elementor-element-populated\">\n\t\t\t\t\t\t<section class=\"elementor-section elementor-inner-section elementor-element elementor-element-bb63863 elementor-section-boxed elementor-section-height-default elementor-section-height-default\" data-id=\"bb63863\" data-element_type=\"section\" data-e-type=\"section\" data-settings=\"{&quot;background_background&quot;:&quot;classic&quot;}\">\n\t\t\t\t\t\t\t<div class=\"elementor-background-overlay\"><\/div>\n\t\t\t\t\t\t\t<div class=\"elementor-container elementor-column-gap-default\">\n\t\t\t\t\t<div class=\"elementor-column elementor-col-100 elementor-inner-column elementor-element elementor-element-f9190d7\" data-id=\"f9190d7\" data-element_type=\"column\" data-e-type=\"column\">\n\t\t\t<div class=\"elementor-widget-wrap elementor-element-populated\">\n\t\t\t\t\t\t<div class=\"elementor-element elementor-element-300be35 elementor-widget elementor-widget-heading\" data-id=\"300be35\" data-element_type=\"widget\" data-e-type=\"widget\" data-widget_type=\"heading.default\">\n\t\t\t\t<div class=\"elementor-widget-container\">\n\t\t\t\t\t<h2 class=\"elementor-heading-title elementor-size-default\">Potrzebujesz oferty?\n<\/h2>\t\t\t\t<\/div>\n\t\t\t\t<\/div>\n\t\t\t\t<div class=\"elementor-element elementor-element-9ccc8c2 elementor-widget elementor-widget-text-editor\" data-id=\"9ccc8c2\" data-element_type=\"widget\" data-e-type=\"widget\" data-widget_type=\"text-editor.default\">\n\t\t\t\t<div class=\"elementor-widget-container\">\n\t\t\t\t\t\t\t\t\t<p>Napisz do nas a zrobimy dla Ciebie wycen\u0119 na podstawie ilo\u015bci stanowisk i potrzebnych licencji.<\/p>\t\t\t\t\t\t\t\t<\/div>\n\t\t\t\t<\/div>\n\t\t\t\t<div class=\"elementor-element elementor-element-0446dba elementor-align-center elementor-widget elementor-widget-button\" data-id=\"0446dba\" data-element_type=\"widget\" data-e-type=\"widget\" data-widget_type=\"button.default\">\n\t\t\t\t<div class=\"elementor-widget-container\">\n\t\t\t\t\t\t\t\t\t<div class=\"elementor-button-wrapper\">\n\t\t\t\t\t<a class=\"elementor-button elementor-button-link elementor-size-sm\" href=\"https:\/\/complit.pl\/index.php\/contact\/\">\n\t\t\t\t\t\t<span class=\"elementor-button-content-wrapper\">\n\t\t\t\t\t\t\t\t\t<span class=\"elementor-button-text\">Kontakt do nas<\/span>\n\t\t\t\t\t<\/span>\n\t\t\t\t\t<\/a>\n\t\t\t\t<\/div>\n\t\t\t\t\t\t\t\t<\/div>\n\t\t\t\t<\/div>\n\t\t\t\t\t<\/div>\n\t\t<\/div>\n\t\t\t\t\t<\/div>\n\t\t<\/section>\n\t\t\t\t\t<\/div>\n\t\t<\/div>\n\t\t\t\t<div class=\"elementor-column elementor-col-66 elementor-top-column elementor-element elementor-element-796ea77\" data-id=\"796ea77\" data-element_type=\"column\" data-e-type=\"column\">\n\t\t\t<div class=\"elementor-widget-wrap elementor-element-populated\">\n\t\t\t\t\t\t<div class=\"elementor-element elementor-element-cb48409 elementor-widget elementor-widget-image\" data-id=\"cb48409\" data-element_type=\"widget\" data-e-type=\"widget\" data-widget_type=\"image.default\">\n\t\t\t\t<div class=\"elementor-widget-container\">\n\t\t\t\t\t\t\t\t\t\t\t\t\t\t\t<img fetchpriority=\"high\" decoding=\"async\" width=\"640\" height=\"280\" src=\"https:\/\/complit.pl\/wp-content\/uploads\/2024\/01\/eDekLogo-large.png\" class=\"attachment-full size-full wp-image-14025\" alt=\"\" srcset=\"https:\/\/complit.pl\/wp-content\/uploads\/2024\/01\/eDekLogo-large.png 640w, https:\/\/complit.pl\/wp-content\/uploads\/2024\/01\/eDekLogo-large-300x131.png 300w, https:\/\/complit.pl\/wp-content\/uploads\/2024\/01\/eDekLogo-large-600x263.png 600w\" sizes=\"(max-width: 640px) 100vw, 640px\" \/>\t\t\t\t\t\t\t\t\t\t\t\t\t\t\t<\/div>\n\t\t\t\t<\/div>\n\t\t\t\t<section class=\"elementor-section elementor-inner-section elementor-element elementor-element-0c22889 elementor-section-boxed elementor-section-height-default elementor-section-height-default\" data-id=\"0c22889\" data-element_type=\"section\" data-e-type=\"section\">\n\t\t\t\t\t\t<div class=\"elementor-container elementor-column-gap-default\">\n\t\t\t\t\t<div class=\"elementor-column elementor-col-100 elementor-inner-column elementor-element elementor-element-ecc08a8\" data-id=\"ecc08a8\" data-element_type=\"column\" data-e-type=\"column\">\n\t\t\t<div class=\"elementor-widget-wrap elementor-element-populated\">\n\t\t\t\t\t\t<div class=\"elementor-element elementor-element-4f760ec elementor-widget elementor-widget-heading\" data-id=\"4f760ec\" data-element_type=\"widget\" data-e-type=\"widget\" data-widget_type=\"heading.default\">\n\t\t\t\t<div class=\"elementor-widget-container\">\n\t\t\t\t\t<h2 class=\"elementor-heading-title elementor-size-default\">Program EDEK <\/h2>\t\t\t\t<\/div>\n\t\t\t\t<\/div>\n\t\t\t\t<div class=\"elementor-element elementor-element-b7e9f36 elementor-widget elementor-widget-text-editor\" data-id=\"b7e9f36\" data-element_type=\"widget\" data-e-type=\"widget\" data-widget_type=\"text-editor.default\">\n\t\t\t\t<div class=\"elementor-widget-container\">\n\t\t\t\t\t\t\t\t\t<p>Program <span class=\"edek\">eDek<\/span> s\u0142u\u017cy do sporz\u0105dzania deklaracji\u00a0 podatkowych i u\u0142atwia zarz\u0105dzanie nimi.<\/p><p>Zosta\u0142 on zaprojektowany z my\u015bl\u0105 o tych z Pa\u0144stwa, kt\u00f3rzy maj\u0105 do czynienia ze sporz\u0105dzaniem du\u017cej liczby deklaracji:<\/p><ul><li>biura i kancelarie podatkowe,<\/li><li>Doradcy Podatkowi,<\/li><li>osoby zajmuj\u0105ce si\u0119 us\u0142ugowym prowadzeniem ksi\u0119gowo\u015bci.<\/li><\/ul><p>Nowoczesna i przejrzysta struktura programu gwarantuje szybkie i wygodne wype\u0142nianie nawet najbardziej z\u0142o\u017conych formularzy. Deklaracje s\u0105 wype\u0142niane w ergonomicznie zaprojektowanych okienkach, wyposa\u017conych w funkcj\u0119 automatycznego przeliczania, a do poszczeg\u00f3lnych p\u00f3l dost\u0119pna jest pomoc kontekstowa.<\/p><p>Raz wype\u0142nione formularze mo\u017cna wielokrotnie poprawia\u0107 lub na ich podstawie tworzy\u0107 kopie lub korekty. Drukowanie jest mo\u017cliwe zar\u00f3wno na czystych kartkach papieru, jak i na gotowych formularzach z nadrukiem.<\/p><p>Program umo\u017cliwia sk\u0142adanie bezpiecznych podpis\u00f3w cyfrowych i przekazywanie ponad <strong>140<\/strong> aktualnych typ\u00f3w deklaracji drog\u0105 elektroniczn\u0105 do systemu <span class=\"edek\">e-Deklaracje<\/span> oraz pobieranie potwierdze\u0144.<\/p><p>Program umo\u017cliwia importowanie deklaracji sporz\u0105dzonych przy pomocy program\u00f3w finansowo-ksi\u0119gowych. Importowane deklaracje poddawane s\u0105 weryfikacji i mo\u017cna od razu przekaza\u0107 je do wysy\u0142ki. Deklaracje s\u0105 przypisywane zarejestrowanym w programie podmiotom lub, je\u015bli dany podmiot nie w programie istnieje, zostanie automatycznie zarejestrowany.<\/p><p>Podzia\u0142 deklaracji wed\u0142ug podmiot\u00f3w, mo\u017cliwo\u015b\u0107 wyszukiwania wg okresu, typu formularza czy jego opisu, pozwala na efektywne zarz\u0105dzanie ogromn\u0105 liczb\u0105 deklaracji.\u00a0 Przechowywanie deklaracji w bazie danych (Microsoft SQL Server) gwarantuje wysok\u0105 wydajno\u015b\u0107 i skalowalno\u015b\u0107 w wypadku pracy wielostanowiskowej.<\/p><p>\u00a0<\/p>\t\t\t\t\t\t\t\t<\/div>\n\t\t\t\t<\/div>\n\t\t\t\t<div class=\"elementor-element elementor-element-b010296 elementor-widget elementor-widget-heading\" data-id=\"b010296\" data-element_type=\"widget\" data-e-type=\"widget\" data-widget_type=\"heading.default\">\n\t\t\t\t<div class=\"elementor-widget-container\">\n\t\t\t\t\t<h2 class=\"elementor-heading-title elementor-size-default\">Dodatkowe informacje:<\/h2>\t\t\t\t<\/div>\n\t\t\t\t<\/div>\n\t\t\t\t<div class=\"elementor-element elementor-element-5653ae4 elementor-widget__width-initial elementor-widget elementor-widget-text-editor\" data-id=\"5653ae4\" data-element_type=\"widget\" data-e-type=\"widget\" data-widget_type=\"text-editor.default\">\n\t\t\t\t<div class=\"elementor-widget-container\">\n\t\t\t\t\t\t\t\t\t<div><p>Przydatne linki:<\/p><p>Strona producenta <a href=\"https:\/\/www.e-dek.pl\/\">https:\/\/www.e-dek.pl\/<\/a><\/p><\/div><ul><li>Informacje o programie &#8211; <a href=\"https:\/\/www.e-dek.pl\/o-programie\">kliknij tutaj<\/a><\/li><li>Informacje o elektronicznym wysy\u0142aniu deklaracji &#8211;<a href=\"https:\/\/www.e-dek.pl\/o-programie\/wysylka\">kliknij tutaj<\/a><\/li><li>Przyk\u0142ady wygl\u0105du okienek &#8211; <a href=\"https:\/\/www.e-dek.pl\/o-programie\/galeria\">kliknij tutaj<\/a><\/li><li>Lista obs\u0142ugiwanych formularzy &#8211; <a href=\"https:\/\/www.e-dek.pl\/formularze\">kliknij tutaj<\/a><\/li><\/ul><div>\u00a0<\/div>\t\t\t\t\t\t\t\t<\/div>\n\t\t\t\t<\/div>\n\t\t\t\t\t<\/div>\n\t\t<\/div>\n\t\t\t\t\t<\/div>\n\t\t<\/section>\n\t\t\t\t\t<\/div>\n\t\t<\/div>\n\t\t\t\t\t<\/div>\n\t\t<\/section>\n\t\t\t\t<\/div>\n\t\t","protected":false},"excerpt":{"rendered":"<p>Potrzebujesz oferty? Napisz do nas a zrobimy dla Ciebie wycen\u0119 na podstawie ilo\u015bci stanowisk i potrzebnych licencji. Kontakt do nas Program EDEK Program eDek s\u0142u\u017cy do sporz\u0105dzania deklaracji\u00a0 podatkowych i u\u0142atwia zarz\u0105dzanie nimi. Zosta\u0142 on zaprojektowany z my\u015bl\u0105 o tych z Pa\u0144stwa, kt\u00f3rzy maj\u0105 do czynienia ze sporz\u0105dzaniem du\u017cej liczby deklaracji: biura i kancelarie podatkowe, [&hellip;]<\/p>\n","protected":false},"author":1,"featured_media":0,"parent":0,"menu_order":0,"comment_status":"closed","ping_status":"closed","template":"page-templates\/template-default.php","meta":{"_monsterinsights_skip_tracking":false,"_monsterinsights_sitenote_active":false,"_monsterinsights_sitenote_note":"","_monsterinsights_sitenote_category":0,"footnotes":""},"class_list":["post-13854","page","type-page","status-publish","hentry"],"yoast_head":"<!-- This site is optimized with the Yoast SEO plugin v27.4 - https:\/\/yoast.com\/product\/yoast-seo-wordpress\/ -->\n<title>EDEK - COMPLIT<\/title>\n<meta name=\"description\" content=\"Dostarczamy klientom program EDEK s\u0142u\u017c\u0105cy do sporz\u0105dzania deklaracji podatkowych i u\u0142atwia zarz\u0105dzanie nimi.\" \/>\n<meta name=\"robots\" content=\"index, follow, max-snippet:-1, max-image-preview:large, max-video-preview:-1\" \/>\n<link rel=\"canonical\" href=\"https:\/\/complit.pl\/index.php\/edek\/\" \/>\n<meta property=\"og:locale\" content=\"pl_PL\" \/>\n<meta property=\"og:type\" content=\"article\" \/>\n<meta property=\"og:title\" content=\"EDEK - COMPLIT\" \/>\n<meta property=\"og:description\" content=\"Dostarczamy klientom program EDEK s\u0142u\u017c\u0105cy do sporz\u0105dzania deklaracji podatkowych i u\u0142atwia zarz\u0105dzanie nimi.\" \/>\n<meta property=\"og:url\" content=\"https:\/\/complit.pl\/index.php\/edek\/\" \/>\n<meta property=\"og:site_name\" content=\"COMPLIT\" \/>\n<meta property=\"article:modified_time\" content=\"2025-10-30T11:55:14+00:00\" \/>\n<meta property=\"og:image\" content=\"https:\/\/complit.pl\/wp-content\/uploads\/2024\/01\/eDekLogo-large.png\" \/>\n\t<meta property=\"og:image:width\" content=\"640\" \/>\n\t<meta property=\"og:image:height\" content=\"280\" \/>\n\t<meta property=\"og:image:type\" content=\"image\/png\" \/>\n<meta name=\"twitter:card\" content=\"summary_large_image\" \/>\n<meta name=\"twitter:label1\" content=\"Szacowany czas czytania\" \/>\n\t<meta name=\"twitter:data1\" content=\"2 minuty\" \/>\n<script type=\"application\/ld+json\" class=\"yoast-schema-graph\">{\"@context\":\"https:\\\/\\\/schema.org\",\"@graph\":[{\"@type\":\"WebPage\",\"@id\":\"https:\\\/\\\/complit.pl\\\/index.php\\\/edek\\\/\",\"url\":\"https:\\\/\\\/complit.pl\\\/index.php\\\/edek\\\/\",\"name\":\"EDEK - COMPLIT\",\"isPartOf\":{\"@id\":\"http:\\\/\\\/complit.pl\\\/#website\"},\"primaryImageOfPage\":{\"@id\":\"https:\\\/\\\/complit.pl\\\/index.php\\\/edek\\\/#primaryimage\"},\"image\":{\"@id\":\"https:\\\/\\\/complit.pl\\\/index.php\\\/edek\\\/#primaryimage\"},\"thumbnailUrl\":\"http:\\\/\\\/complit.pl\\\/wp-content\\\/uploads\\\/2024\\\/01\\\/eDekLogo-large.png\",\"datePublished\":\"2023-11-07T08:36:14+00:00\",\"dateModified\":\"2025-10-30T11:55:14+00:00\",\"description\":\"Dostarczamy klientom program EDEK s\u0142u\u017c\u0105cy do sporz\u0105dzania deklaracji podatkowych i u\u0142atwia zarz\u0105dzanie nimi.\",\"breadcrumb\":{\"@id\":\"https:\\\/\\\/complit.pl\\\/index.php\\\/edek\\\/#breadcrumb\"},\"inLanguage\":\"pl-PL\",\"potentialAction\":[{\"@type\":\"ReadAction\",\"target\":[\"https:\\\/\\\/complit.pl\\\/index.php\\\/edek\\\/\"]}]},{\"@type\":\"ImageObject\",\"inLanguage\":\"pl-PL\",\"@id\":\"https:\\\/\\\/complit.pl\\\/index.php\\\/edek\\\/#primaryimage\",\"url\":\"https:\\\/\\\/complit.pl\\\/wp-content\\\/uploads\\\/2024\\\/01\\\/eDekLogo-large.png\",\"contentUrl\":\"https:\\\/\\\/complit.pl\\\/wp-content\\\/uploads\\\/2024\\\/01\\\/eDekLogo-large.png\",\"width\":640,\"height\":280},{\"@type\":\"BreadcrumbList\",\"@id\":\"https:\\\/\\\/complit.pl\\\/index.php\\\/edek\\\/#breadcrumb\",\"itemListElement\":[{\"@type\":\"ListItem\",\"position\":1,\"name\":\"Strona g\u0142\u00f3wna\",\"item\":\"https:\\\/\\\/complit.pl\\\/\"},{\"@type\":\"ListItem\",\"position\":2,\"name\":\"EDEK\"}]},{\"@type\":\"WebSite\",\"@id\":\"http:\\\/\\\/complit.pl\\\/#website\",\"url\":\"http:\\\/\\\/complit.pl\\\/\",\"name\":\"COMPLIT\",\"description\":\"We make IT works\",\"publisher\":{\"@id\":\"http:\\\/\\\/complit.pl\\\/#organization\"},\"potentialAction\":[{\"@type\":\"SearchAction\",\"target\":{\"@type\":\"EntryPoint\",\"urlTemplate\":\"http:\\\/\\\/complit.pl\\\/?s={search_term_string}\"},\"query-input\":{\"@type\":\"PropertyValueSpecification\",\"valueRequired\":true,\"valueName\":\"search_term_string\"}}],\"inLanguage\":\"pl-PL\"},{\"@type\":\"Organization\",\"@id\":\"http:\\\/\\\/complit.pl\\\/#organization\",\"name\":\"COMPLIT\",\"url\":\"http:\\\/\\\/complit.pl\\\/\",\"logo\":{\"@type\":\"ImageObject\",\"inLanguage\":\"pl-PL\",\"@id\":\"http:\\\/\\\/complit.pl\\\/#\\\/schema\\\/logo\\\/image\\\/\",\"url\":\"https:\\\/\\\/complit.pl\\\/wp-content\\\/uploads\\\/2023\\\/10\\\/malelogo.png\",\"contentUrl\":\"https:\\\/\\\/complit.pl\\\/wp-content\\\/uploads\\\/2023\\\/10\\\/malelogo.png\",\"width\":207,\"height\":68,\"caption\":\"COMPLIT\"},\"image\":{\"@id\":\"http:\\\/\\\/complit.pl\\\/#\\\/schema\\\/logo\\\/image\\\/\"}}]}<\/script>\n<!-- \/ Yoast SEO plugin. -->","yoast_head_json":{"title":"EDEK - COMPLIT","description":"Dostarczamy klientom program EDEK s\u0142u\u017c\u0105cy do sporz\u0105dzania deklaracji podatkowych i u\u0142atwia zarz\u0105dzanie nimi.","robots":{"index":"index","follow":"follow","max-snippet":"max-snippet:-1","max-image-preview":"max-image-preview:large","max-video-preview":"max-video-preview:-1"},"canonical":"https:\/\/complit.pl\/index.php\/edek\/","og_locale":"pl_PL","og_type":"article","og_title":"EDEK - COMPLIT","og_description":"Dostarczamy klientom program EDEK s\u0142u\u017c\u0105cy do sporz\u0105dzania deklaracji podatkowych i u\u0142atwia zarz\u0105dzanie nimi.","og_url":"https:\/\/complit.pl\/index.php\/edek\/","og_site_name":"COMPLIT","article_modified_time":"2025-10-30T11:55:14+00:00","og_image":[{"width":640,"height":280,"url":"https:\/\/complit.pl\/wp-content\/uploads\/2024\/01\/eDekLogo-large.png","type":"image\/png"}],"twitter_card":"summary_large_image","twitter_misc":{"Szacowany czas czytania":"2 minuty"},"schema":{"@context":"https:\/\/schema.org","@graph":[{"@type":"WebPage","@id":"https:\/\/complit.pl\/index.php\/edek\/","url":"https:\/\/complit.pl\/index.php\/edek\/","name":"EDEK - COMPLIT","isPartOf":{"@id":"http:\/\/complit.pl\/#website"},"primaryImageOfPage":{"@id":"https:\/\/complit.pl\/index.php\/edek\/#primaryimage"},"image":{"@id":"https:\/\/complit.pl\/index.php\/edek\/#primaryimage"},"thumbnailUrl":"http:\/\/complit.pl\/wp-content\/uploads\/2024\/01\/eDekLogo-large.png","datePublished":"2023-11-07T08:36:14+00:00","dateModified":"2025-10-30T11:55:14+00:00","description":"Dostarczamy klientom program EDEK s\u0142u\u017c\u0105cy do sporz\u0105dzania deklaracji podatkowych i u\u0142atwia zarz\u0105dzanie nimi.","breadcrumb":{"@id":"https:\/\/complit.pl\/index.php\/edek\/#breadcrumb"},"inLanguage":"pl-PL","potentialAction":[{"@type":"ReadAction","target":["https:\/\/complit.pl\/index.php\/edek\/"]}]},{"@type":"ImageObject","inLanguage":"pl-PL","@id":"https:\/\/complit.pl\/index.php\/edek\/#primaryimage","url":"https:\/\/complit.pl\/wp-content\/uploads\/2024\/01\/eDekLogo-large.png","contentUrl":"https:\/\/complit.pl\/wp-content\/uploads\/2024\/01\/eDekLogo-large.png","width":640,"height":280},{"@type":"BreadcrumbList","@id":"https:\/\/complit.pl\/index.php\/edek\/#breadcrumb","itemListElement":[{"@type":"ListItem","position":1,"name":"Strona g\u0142\u00f3wna","item":"https:\/\/complit.pl\/"},{"@type":"ListItem","position":2,"name":"EDEK"}]},{"@type":"WebSite","@id":"http:\/\/complit.pl\/#website","url":"http:\/\/complit.pl\/","name":"COMPLIT","description":"We make IT works","publisher":{"@id":"http:\/\/complit.pl\/#organization"},"potentialAction":[{"@type":"SearchAction","target":{"@type":"EntryPoint","urlTemplate":"http:\/\/complit.pl\/?s={search_term_string}"},"query-input":{"@type":"PropertyValueSpecification","valueRequired":true,"valueName":"search_term_string"}}],"inLanguage":"pl-PL"},{"@type":"Organization","@id":"http:\/\/complit.pl\/#organization","name":"COMPLIT","url":"http:\/\/complit.pl\/","logo":{"@type":"ImageObject","inLanguage":"pl-PL","@id":"http:\/\/complit.pl\/#\/schema\/logo\/image\/","url":"https:\/\/complit.pl\/wp-content\/uploads\/2023\/10\/malelogo.png","contentUrl":"https:\/\/complit.pl\/wp-content\/uploads\/2023\/10\/malelogo.png","width":207,"height":68,"caption":"COMPLIT"},"image":{"@id":"http:\/\/complit.pl\/#\/schema\/logo\/image\/"}}]}},"jetpack_sharing_enabled":true,"_links":{"self":[{"href":"https:\/\/complit.pl\/index.php\/wp-json\/wp\/v2\/pages\/13854","targetHints":{"allow":["GET"]}}],"collection":[{"href":"https:\/\/complit.pl\/index.php\/wp-json\/wp\/v2\/pages"}],"about":[{"href":"https:\/\/complit.pl\/index.php\/wp-json\/wp\/v2\/types\/page"}],"author":[{"embeddable":true,"href":"https:\/\/complit.pl\/index.php\/wp-json\/wp\/v2\/users\/1"}],"replies":[{"embeddable":true,"href":"https:\/\/complit.pl\/index.php\/wp-json\/wp\/v2\/comments?post=13854"}],"version-history":[{"count":27,"href":"https:\/\/complit.pl\/index.php\/wp-json\/wp\/v2\/pages\/13854\/revisions"}],"predecessor-version":[{"id":14796,"href":"https:\/\/complit.pl\/index.php\/wp-json\/wp\/v2\/pages\/13854\/revisions\/14796"}],"wp:attachment":[{"href":"https:\/\/complit.pl\/index.php\/wp-json\/wp\/v2\/media?parent=13854"}],"curies":[{"name":"wp","href":"https:\/\/api.w.org\/{rel}","templated":true}]}}