{"id":13856,"date":"2023-11-07T07:12:52","date_gmt":"2023-11-07T07:12:52","guid":{"rendered":"https:\/\/complit.pl\/?page_id=13856"},"modified":"2024-04-30T14:53:22","modified_gmt":"2024-04-30T14:53:22","slug":"reset-r2","status":"publish","type":"page","link":"https:\/\/complit.pl\/index.php\/reset-r2\/","title":{"rendered":"Reset R2"},"content":{"rendered":"\t\t<div data-elementor-type=\"wp-page\" data-elementor-id=\"13856\" class=\"elementor elementor-13856\">\n\t\t\t\t\t\t<section class=\"elementor-section elementor-top-section elementor-element elementor-element-f663707 elementor-section-boxed elementor-section-height-default elementor-section-height-default\" data-id=\"f663707\" data-element_type=\"section\" data-e-type=\"section\">\n\t\t\t\t\t\t<div class=\"elementor-container elementor-column-gap-default\">\n\t\t\t\t\t<div class=\"elementor-column elementor-col-100 elementor-top-column elementor-element elementor-element-26eca5a\" data-id=\"26eca5a\" data-element_type=\"column\" data-e-type=\"column\">\n\t\t\t<div class=\"elementor-widget-wrap\">\n\t\t\t\t\t\t\t<\/div>\n\t\t<\/div>\n\t\t\t\t\t<\/div>\n\t\t<\/section>\n\t\t\t\t<section class=\"elementor-section elementor-top-section elementor-element elementor-element-a547048 elementor-section-boxed elementor-section-height-default elementor-section-height-default\" data-id=\"a547048\" data-element_type=\"section\" data-e-type=\"section\">\n\t\t\t\t\t\t<div class=\"elementor-container elementor-column-gap-no\">\n\t\t\t\t\t<div class=\"elementor-column elementor-col-33 elementor-top-column elementor-element elementor-element-1f7e2cd\" data-id=\"1f7e2cd\" data-element_type=\"column\" data-e-type=\"column\">\n\t\t\t<div class=\"elementor-widget-wrap elementor-element-populated\">\n\t\t\t\t\t\t<section class=\"elementor-section elementor-inner-section elementor-element elementor-element-198f726 elementor-section-boxed elementor-section-height-default elementor-section-height-default\" data-id=\"198f726\" data-element_type=\"section\" data-e-type=\"section\" data-settings=\"{&quot;background_background&quot;:&quot;classic&quot;}\">\n\t\t\t\t\t\t\t<div class=\"elementor-background-overlay\"><\/div>\n\t\t\t\t\t\t\t<div class=\"elementor-container elementor-column-gap-default\">\n\t\t\t\t\t<div class=\"elementor-column elementor-col-100 elementor-inner-column elementor-element elementor-element-81df287\" data-id=\"81df287\" data-element_type=\"column\" data-e-type=\"column\">\n\t\t\t<div class=\"elementor-widget-wrap elementor-element-populated\">\n\t\t\t\t\t\t<div class=\"elementor-element elementor-element-3757c8f elementor-widget elementor-widget-heading\" data-id=\"3757c8f\" data-element_type=\"widget\" data-e-type=\"widget\" data-widget_type=\"heading.default\">\n\t\t\t\t<div class=\"elementor-widget-container\">\n\t\t\t\t\t<h2 class=\"elementor-heading-title elementor-size-default\">Potrzebujesz oferty?\n<\/h2>\t\t\t\t<\/div>\n\t\t\t\t<\/div>\n\t\t\t\t<div class=\"elementor-element elementor-element-f36a419 elementor-widget elementor-widget-text-editor\" data-id=\"f36a419\" data-element_type=\"widget\" data-e-type=\"widget\" data-widget_type=\"text-editor.default\">\n\t\t\t\t<div class=\"elementor-widget-container\">\n\t\t\t\t\t\t\t\t\t<p>Napisz do nas a zrobimy dla Ciebie wycen\u0119 na podstawie ilo\u015bci stanowisk i potrzebnych licencji.<\/p>\t\t\t\t\t\t\t\t<\/div>\n\t\t\t\t<\/div>\n\t\t\t\t<div class=\"elementor-element elementor-element-3bf89bf elementor-align-center elementor-widget elementor-widget-button\" data-id=\"3bf89bf\" data-element_type=\"widget\" data-e-type=\"widget\" data-widget_type=\"button.default\">\n\t\t\t\t<div class=\"elementor-widget-container\">\n\t\t\t\t\t\t\t\t\t<div class=\"elementor-button-wrapper\">\n\t\t\t\t\t<a class=\"elementor-button elementor-button-link elementor-size-sm\" href=\"https:\/\/complit.pl\/index.php\/contact\/\">\n\t\t\t\t\t\t<span class=\"elementor-button-content-wrapper\">\n\t\t\t\t\t\t\t\t\t<span class=\"elementor-button-text\">Kontakt do nas<\/span>\n\t\t\t\t\t<\/span>\n\t\t\t\t\t<\/a>\n\t\t\t\t<\/div>\n\t\t\t\t\t\t\t\t<\/div>\n\t\t\t\t<\/div>\n\t\t\t\t\t<\/div>\n\t\t<\/div>\n\t\t\t\t\t<\/div>\n\t\t<\/section>\n\t\t\t\t\t<\/div>\n\t\t<\/div>\n\t\t\t\t<div class=\"elementor-column elementor-col-66 elementor-top-column elementor-element elementor-element-796ea77\" data-id=\"796ea77\" data-element_type=\"column\" data-e-type=\"column\">\n\t\t\t<div class=\"elementor-widget-wrap elementor-element-populated\">\n\t\t\t\t\t\t<section class=\"elementor-section elementor-inner-section elementor-element elementor-element-0c22889 elementor-section-boxed elementor-section-height-default elementor-section-height-default\" data-id=\"0c22889\" data-element_type=\"section\" data-e-type=\"section\">\n\t\t\t\t\t\t<div class=\"elementor-container elementor-column-gap-default\">\n\t\t\t\t\t<div class=\"elementor-column elementor-col-100 elementor-inner-column elementor-element elementor-element-ecc08a8\" data-id=\"ecc08a8\" data-element_type=\"column\" data-e-type=\"column\">\n\t\t\t<div class=\"elementor-widget-wrap elementor-element-populated\">\n\t\t\t\t\t\t<div class=\"elementor-element elementor-element-bf6f5e4 elementor-widget elementor-widget-image\" data-id=\"bf6f5e4\" data-element_type=\"widget\" data-e-type=\"widget\" data-widget_type=\"image.default\">\n\t\t\t\t<div class=\"elementor-widget-container\">\n\t\t\t\t\t\t\t\t\t\t\t\t\t\t\t<img fetchpriority=\"high\" decoding=\"async\" width=\"311\" height=\"162\" src=\"https:\/\/complit.pl\/wp-content\/uploads\/2023\/11\/reset2.png\" class=\"attachment-large size-large wp-image-13886\" alt=\"\" srcset=\"https:\/\/complit.pl\/wp-content\/uploads\/2023\/11\/reset2.png 311w, https:\/\/complit.pl\/wp-content\/uploads\/2023\/11\/reset2-300x156.png 300w\" sizes=\"(max-width: 311px) 100vw, 311px\" \/>\t\t\t\t\t\t\t\t\t\t\t\t\t\t\t<\/div>\n\t\t\t\t<\/div>\n\t\t\t\t<div class=\"elementor-element elementor-element-4f760ec elementor-widget elementor-widget-heading\" data-id=\"4f760ec\" data-element_type=\"widget\" data-e-type=\"widget\" data-widget_type=\"heading.default\">\n\t\t\t\t<div class=\"elementor-widget-container\">\n\t\t\t\t\t<h2 class=\"elementor-heading-title elementor-size-default\">Reset2 oprogramowanie i serwis<\/h2>\t\t\t\t<\/div>\n\t\t\t\t<\/div>\n\t\t\t\t<div class=\"elementor-element elementor-element-b7e9f36 elementor-widget elementor-widget-text-editor\" data-id=\"b7e9f36\" data-element_type=\"widget\" data-e-type=\"widget\" data-widget_type=\"text-editor.default\">\n\t\t\t\t<div class=\"elementor-widget-container\">\n\t\t\t\t\t\t\t\t\t<div class=\"kc-elm kc-css-486867 kc_text_block\">Jako wieloletni partner firmy Reset2 a wcze\u015bniej Reset wprowadzali\u015bmy znakomite oprogramowanie kadrowo-p\u0142acowe r2p\u0142atnik oraz ca\u0142\u0105 reszt\u0119 oprogramowania z oferty firmy Reset2. <\/div><div class=\"kc-elm kc-css-486867 kc_text_block\">\u00a0<\/div>\t\t\t\t\t\t\t\t<\/div>\n\t\t\t\t<\/div>\n\t\t\t\t<div class=\"elementor-element elementor-element-f1872f6 elementor-widget elementor-widget-image\" data-id=\"f1872f6\" data-element_type=\"widget\" data-e-type=\"widget\" data-widget_type=\"image.default\">\n\t\t\t\t<div class=\"elementor-widget-container\">\n\t\t\t\t\t\t\t\t\t\t\t\t\t\t\t<img decoding=\"async\" width=\"1024\" height=\"393\" src=\"https:\/\/complit.pl\/wp-content\/uploads\/2024\/01\/271462906_4927045847356227_2464357383233619140_n-1024x393.jpg\" class=\"attachment-large size-large wp-image-14064\" alt=\"\" srcset=\"https:\/\/complit.pl\/wp-content\/uploads\/2024\/01\/271462906_4927045847356227_2464357383233619140_n-1024x393.jpg 1024w, https:\/\/complit.pl\/wp-content\/uploads\/2024\/01\/271462906_4927045847356227_2464357383233619140_n-300x115.jpg 300w, https:\/\/complit.pl\/wp-content\/uploads\/2024\/01\/271462906_4927045847356227_2464357383233619140_n-768x295.jpg 768w, https:\/\/complit.pl\/wp-content\/uploads\/2024\/01\/271462906_4927045847356227_2464357383233619140_n-1536x589.jpg 1536w, https:\/\/complit.pl\/wp-content\/uploads\/2024\/01\/271462906_4927045847356227_2464357383233619140_n-1320x507.jpg 1320w, https:\/\/complit.pl\/wp-content\/uploads\/2024\/01\/271462906_4927045847356227_2464357383233619140_n-600x230.jpg 600w, https:\/\/complit.pl\/wp-content\/uploads\/2024\/01\/271462906_4927045847356227_2464357383233619140_n.jpg 1720w\" sizes=\"(max-width: 1024px) 100vw, 1024px\" \/>\t\t\t\t\t\t\t\t\t\t\t\t\t\t\t<\/div>\n\t\t\t\t<\/div>\n\t\t\t\t<div class=\"elementor-element elementor-element-b010296 elementor-widget elementor-widget-heading\" data-id=\"b010296\" data-element_type=\"widget\" data-e-type=\"widget\" data-widget_type=\"heading.default\">\n\t\t\t\t<div class=\"elementor-widget-container\">\n\t\t\t\t\t<h2 class=\"elementor-heading-title elementor-size-default\">Dlaczego ten program?<\/h2>\t\t\t\t<\/div>\n\t\t\t\t<\/div>\n\t\t\t\t<div class=\"elementor-element elementor-element-5653ae4 elementor-widget elementor-widget-text-editor\" data-id=\"5653ae4\" data-element_type=\"widget\" data-e-type=\"widget\" data-widget_type=\"text-editor.default\">\n\t\t\t\t<div class=\"elementor-widget-container\">\n\t\t\t\t\t\t\t\t\t<div class=\"kc-elm kc-css-735206 kc_text_block\"><p>R2 p\u0142atnik to jedno z najlepszych rozwi\u0105za\u0144 do obs\u0142ugi kadrowo-p\u0142acowej firm i instytucji. Mo\u017cliwo\u015bci konfiguracyjne s\u0105 wstanie sprosta\u0107 wymaganiom nawet najbardziej wymagaj\u0105cych klient\u00f3w i instytucji.<\/p><\/div>\t\t\t\t\t\t\t\t<\/div>\n\t\t\t\t<\/div>\n\t\t\t\t<div class=\"elementor-element elementor-element-e9657ac elementor-tabs-view-horizontal elementor-widget elementor-widget-tabs\" data-id=\"e9657ac\" data-element_type=\"widget\" data-e-type=\"widget\" data-widget_type=\"tabs.default\">\n\t\t\t\t<div class=\"elementor-widget-container\">\n\t\t\t\t\t\t\t<div class=\"elementor-tabs\">\n\t\t\t<div class=\"elementor-tabs-wrapper\" role=\"tablist\" >\n\t\t\t\t\t\t\t\t\t<div id=\"elementor-tab-title-2441\" class=\"elementor-tab-title elementor-tab-desktop-title\" aria-selected=\"true\" data-tab=\"1\" role=\"tab\" tabindex=\"0\" aria-controls=\"elementor-tab-content-2441\" aria-expanded=\"false\">R2 P\u0142atnik<\/div>\n\t\t\t\t\t\t\t\t\t<div id=\"elementor-tab-title-2442\" class=\"elementor-tab-title elementor-tab-desktop-title\" aria-selected=\"false\" data-tab=\"2\" role=\"tab\" tabindex=\"-1\" aria-controls=\"elementor-tab-content-2442\" aria-expanded=\"false\">R2 Faktury<\/div>\n\t\t\t\t\t\t\t\t\t<div id=\"elementor-tab-title-2443\" class=\"elementor-tab-title elementor-tab-desktop-title\" aria-selected=\"false\" data-tab=\"3\" role=\"tab\" tabindex=\"-1\" aria-controls=\"elementor-tab-content-2443\" aria-expanded=\"false\">R2 FK <\/div>\n\t\t\t\t\t\t\t<\/div>\n\t\t\t<div class=\"elementor-tabs-content-wrapper\" role=\"tablist\" aria-orientation=\"vertical\">\n\t\t\t\t\t\t\t\t\t<div class=\"elementor-tab-title elementor-tab-mobile-title\" aria-selected=\"true\" data-tab=\"1\" role=\"tab\" tabindex=\"0\" aria-controls=\"elementor-tab-content-2441\" aria-expanded=\"false\">R2 P\u0142atnik<\/div>\n\t\t\t\t\t<div id=\"elementor-tab-content-2441\" class=\"elementor-tab-content elementor-clearfix\" data-tab=\"1\" role=\"tabpanel\" aria-labelledby=\"elementor-tab-title-2441\" tabindex=\"0\" hidden=\"false\"><p>R2P\u0142atnik dost\u0119pne obecnie w r\u00f3\u017cnych wariantach Symfonia R2p\u0142atnik<\/p><\/div>\n\t\t\t\t\t\t\t\t\t<div class=\"elementor-tab-title elementor-tab-mobile-title\" aria-selected=\"false\" data-tab=\"2\" role=\"tab\" tabindex=\"-1\" aria-controls=\"elementor-tab-content-2442\" aria-expanded=\"false\">R2 Faktury<\/div>\n\t\t\t\t\t<div id=\"elementor-tab-content-2442\" class=\"elementor-tab-content elementor-clearfix\" data-tab=\"2\" role=\"tabpanel\" aria-labelledby=\"elementor-tab-title-2442\" tabindex=\"0\" hidden=\"hidden\"><p>Oprogramowanie niedost\u0119pne dla nowych klient\u00f3w<\/p><\/div>\n\t\t\t\t\t\t\t\t\t<div class=\"elementor-tab-title elementor-tab-mobile-title\" aria-selected=\"false\" data-tab=\"3\" role=\"tab\" tabindex=\"-1\" aria-controls=\"elementor-tab-content-2443\" aria-expanded=\"false\">R2 FK <\/div>\n\t\t\t\t\t<div id=\"elementor-tab-content-2443\" class=\"elementor-tab-content elementor-clearfix\" data-tab=\"3\" role=\"tabpanel\" aria-labelledby=\"elementor-tab-title-2443\" tabindex=\"0\" hidden=\"hidden\"><p>Oprogramowanie niedost\u0119pne dla nowych klient\u00f3w<\/p><\/div>\n\t\t\t\t\t\t\t<\/div>\n\t\t<\/div>\n\t\t\t\t\t\t<\/div>\n\t\t\t\t<\/div>\n\t\t\t\t\t<\/div>\n\t\t<\/div>\n\t\t\t\t\t<\/div>\n\t\t<\/section>\n\t\t\t\t\t<\/div>\n\t\t<\/div>\n\t\t\t\t\t<\/div>\n\t\t<\/section>\n\t\t\t\t<\/div>\n\t\t","protected":false},"excerpt":{"rendered":"<p>Potrzebujesz oferty? Napisz do nas a zrobimy dla Ciebie wycen\u0119 na podstawie ilo\u015bci stanowisk i potrzebnych licencji. Kontakt do nas Reset2 oprogramowanie i serwis Jako wieloletni partner firmy Reset2 a wcze\u015bniej Reset wprowadzali\u015bmy znakomite oprogramowanie kadrowo-p\u0142acowe r2p\u0142atnik oraz ca\u0142\u0105 reszt\u0119 oprogramowania z oferty firmy Reset2. \u00a0 Dlaczego ten program? R2 p\u0142atnik to jedno z najlepszych [&hellip;]<\/p>\n","protected":false},"author":1,"featured_media":0,"parent":0,"menu_order":0,"comment_status":"closed","ping_status":"closed","template":"page-templates\/template-default.php","meta":{"_monsterinsights_skip_tracking":false,"_monsterinsights_sitenote_active":false,"_monsterinsights_sitenote_note":"","_monsterinsights_sitenote_category":0,"footnotes":""},"class_list":["post-13856","page","type-page","status-publish","hentry"],"yoast_head":"<!-- This site is optimized with the Yoast SEO plugin v27.4 - https:\/\/yoast.com\/product\/yoast-seo-wordpress\/ -->\n<title>Reset R2 - COMPLIT<\/title>\n<meta name=\"description\" content=\"Jako wieloletni partner firmy Reset2 a wcze\u015bniej Reset wprowadzali\u015bmy znakomite oprogramowanie kadrowo-p\u0142acowe r2p\u0142atnik.\" \/>\n<meta name=\"robots\" content=\"index, follow, max-snippet:-1, max-image-preview:large, max-video-preview:-1\" \/>\n<link rel=\"canonical\" href=\"https:\/\/complit.pl\/index.php\/reset-r2\/\" \/>\n<meta property=\"og:locale\" content=\"pl_PL\" \/>\n<meta property=\"og:type\" content=\"article\" \/>\n<meta property=\"og:title\" content=\"Reset R2 - COMPLIT\" \/>\n<meta property=\"og:description\" content=\"Jako wieloletni partner firmy Reset2 a wcze\u015bniej Reset wprowadzali\u015bmy znakomite oprogramowanie kadrowo-p\u0142acowe r2p\u0142atnik.\" \/>\n<meta property=\"og:url\" content=\"https:\/\/complit.pl\/index.php\/reset-r2\/\" \/>\n<meta property=\"og:site_name\" content=\"COMPLIT\" \/>\n<meta property=\"article:modified_time\" content=\"2024-04-30T14:53:22+00:00\" \/>\n<meta property=\"og:image\" content=\"http:\/\/complit.pl\/wp-content\/uploads\/2023\/11\/reset2.png\" \/>\n<meta name=\"twitter:card\" content=\"summary_large_image\" \/>\n<meta name=\"twitter:label1\" content=\"Szacowany czas czytania\" \/>\n\t<meta name=\"twitter:data1\" content=\"2 minuty\" \/>\n<script type=\"application\/ld+json\" class=\"yoast-schema-graph\">{\"@context\":\"https:\\\/\\\/schema.org\",\"@graph\":[{\"@type\":\"WebPage\",\"@id\":\"https:\\\/\\\/complit.pl\\\/index.php\\\/reset-r2\\\/\",\"url\":\"https:\\\/\\\/complit.pl\\\/index.php\\\/reset-r2\\\/\",\"name\":\"Reset R2 - COMPLIT\",\"isPartOf\":{\"@id\":\"http:\\\/\\\/complit.pl\\\/#website\"},\"primaryImageOfPage\":{\"@id\":\"https:\\\/\\\/complit.pl\\\/index.php\\\/reset-r2\\\/#primaryimage\"},\"image\":{\"@id\":\"https:\\\/\\\/complit.pl\\\/index.php\\\/reset-r2\\\/#primaryimage\"},\"thumbnailUrl\":\"http:\\\/\\\/complit.pl\\\/wp-content\\\/uploads\\\/2023\\\/11\\\/reset2.png\",\"datePublished\":\"2023-11-07T07:12:52+00:00\",\"dateModified\":\"2024-04-30T14:53:22+00:00\",\"description\":\"Jako wieloletni partner firmy Reset2 a wcze\u015bniej Reset wprowadzali\u015bmy znakomite oprogramowanie kadrowo-p\u0142acowe r2p\u0142atnik.\",\"breadcrumb\":{\"@id\":\"https:\\\/\\\/complit.pl\\\/index.php\\\/reset-r2\\\/#breadcrumb\"},\"inLanguage\":\"pl-PL\",\"potentialAction\":[{\"@type\":\"ReadAction\",\"target\":[\"https:\\\/\\\/complit.pl\\\/index.php\\\/reset-r2\\\/\"]}]},{\"@type\":\"ImageObject\",\"inLanguage\":\"pl-PL\",\"@id\":\"https:\\\/\\\/complit.pl\\\/index.php\\\/reset-r2\\\/#primaryimage\",\"url\":\"http:\\\/\\\/complit.pl\\\/wp-content\\\/uploads\\\/2023\\\/11\\\/reset2.png\",\"contentUrl\":\"http:\\\/\\\/complit.pl\\\/wp-content\\\/uploads\\\/2023\\\/11\\\/reset2.png\"},{\"@type\":\"BreadcrumbList\",\"@id\":\"https:\\\/\\\/complit.pl\\\/index.php\\\/reset-r2\\\/#breadcrumb\",\"itemListElement\":[{\"@type\":\"ListItem\",\"position\":1,\"name\":\"Strona g\u0142\u00f3wna\",\"item\":\"https:\\\/\\\/complit.pl\\\/\"},{\"@type\":\"ListItem\",\"position\":2,\"name\":\"Reset R2\"}]},{\"@type\":\"WebSite\",\"@id\":\"http:\\\/\\\/complit.pl\\\/#website\",\"url\":\"http:\\\/\\\/complit.pl\\\/\",\"name\":\"COMPLIT\",\"description\":\"We make IT works\",\"publisher\":{\"@id\":\"http:\\\/\\\/complit.pl\\\/#organization\"},\"potentialAction\":[{\"@type\":\"SearchAction\",\"target\":{\"@type\":\"EntryPoint\",\"urlTemplate\":\"http:\\\/\\\/complit.pl\\\/?s={search_term_string}\"},\"query-input\":{\"@type\":\"PropertyValueSpecification\",\"valueRequired\":true,\"valueName\":\"search_term_string\"}}],\"inLanguage\":\"pl-PL\"},{\"@type\":\"Organization\",\"@id\":\"http:\\\/\\\/complit.pl\\\/#organization\",\"name\":\"COMPLIT\",\"url\":\"http:\\\/\\\/complit.pl\\\/\",\"logo\":{\"@type\":\"ImageObject\",\"inLanguage\":\"pl-PL\",\"@id\":\"http:\\\/\\\/complit.pl\\\/#\\\/schema\\\/logo\\\/image\\\/\",\"url\":\"https:\\\/\\\/complit.pl\\\/wp-content\\\/uploads\\\/2023\\\/10\\\/malelogo.png\",\"contentUrl\":\"https:\\\/\\\/complit.pl\\\/wp-content\\\/uploads\\\/2023\\\/10\\\/malelogo.png\",\"width\":207,\"height\":68,\"caption\":\"COMPLIT\"},\"image\":{\"@id\":\"http:\\\/\\\/complit.pl\\\/#\\\/schema\\\/logo\\\/image\\\/\"}}]}<\/script>\n<!-- \/ Yoast SEO plugin. -->","yoast_head_json":{"title":"Reset R2 - COMPLIT","description":"Jako wieloletni partner firmy Reset2 a wcze\u015bniej Reset wprowadzali\u015bmy znakomite oprogramowanie kadrowo-p\u0142acowe r2p\u0142atnik.","robots":{"index":"index","follow":"follow","max-snippet":"max-snippet:-1","max-image-preview":"max-image-preview:large","max-video-preview":"max-video-preview:-1"},"canonical":"https:\/\/complit.pl\/index.php\/reset-r2\/","og_locale":"pl_PL","og_type":"article","og_title":"Reset R2 - COMPLIT","og_description":"Jako wieloletni partner firmy Reset2 a wcze\u015bniej Reset wprowadzali\u015bmy znakomite oprogramowanie kadrowo-p\u0142acowe r2p\u0142atnik.","og_url":"https:\/\/complit.pl\/index.php\/reset-r2\/","og_site_name":"COMPLIT","article_modified_time":"2024-04-30T14:53:22+00:00","og_image":[{"url":"http:\/\/complit.pl\/wp-content\/uploads\/2023\/11\/reset2.png","type":"","width":"","height":""}],"twitter_card":"summary_large_image","twitter_misc":{"Szacowany czas czytania":"2 minuty"},"schema":{"@context":"https:\/\/schema.org","@graph":[{"@type":"WebPage","@id":"https:\/\/complit.pl\/index.php\/reset-r2\/","url":"https:\/\/complit.pl\/index.php\/reset-r2\/","name":"Reset R2 - COMPLIT","isPartOf":{"@id":"http:\/\/complit.pl\/#website"},"primaryImageOfPage":{"@id":"https:\/\/complit.pl\/index.php\/reset-r2\/#primaryimage"},"image":{"@id":"https:\/\/complit.pl\/index.php\/reset-r2\/#primaryimage"},"thumbnailUrl":"http:\/\/complit.pl\/wp-content\/uploads\/2023\/11\/reset2.png","datePublished":"2023-11-07T07:12:52+00:00","dateModified":"2024-04-30T14:53:22+00:00","description":"Jako wieloletni partner firmy Reset2 a wcze\u015bniej Reset wprowadzali\u015bmy znakomite oprogramowanie kadrowo-p\u0142acowe r2p\u0142atnik.","breadcrumb":{"@id":"https:\/\/complit.pl\/index.php\/reset-r2\/#breadcrumb"},"inLanguage":"pl-PL","potentialAction":[{"@type":"ReadAction","target":["https:\/\/complit.pl\/index.php\/reset-r2\/"]}]},{"@type":"ImageObject","inLanguage":"pl-PL","@id":"https:\/\/complit.pl\/index.php\/reset-r2\/#primaryimage","url":"http:\/\/complit.pl\/wp-content\/uploads\/2023\/11\/reset2.png","contentUrl":"http:\/\/complit.pl\/wp-content\/uploads\/2023\/11\/reset2.png"},{"@type":"BreadcrumbList","@id":"https:\/\/complit.pl\/index.php\/reset-r2\/#breadcrumb","itemListElement":[{"@type":"ListItem","position":1,"name":"Strona g\u0142\u00f3wna","item":"https:\/\/complit.pl\/"},{"@type":"ListItem","position":2,"name":"Reset R2"}]},{"@type":"WebSite","@id":"http:\/\/complit.pl\/#website","url":"http:\/\/complit.pl\/","name":"COMPLIT","description":"We make IT works","publisher":{"@id":"http:\/\/complit.pl\/#organization"},"potentialAction":[{"@type":"SearchAction","target":{"@type":"EntryPoint","urlTemplate":"http:\/\/complit.pl\/?s={search_term_string}"},"query-input":{"@type":"PropertyValueSpecification","valueRequired":true,"valueName":"search_term_string"}}],"inLanguage":"pl-PL"},{"@type":"Organization","@id":"http:\/\/complit.pl\/#organization","name":"COMPLIT","url":"http:\/\/complit.pl\/","logo":{"@type":"ImageObject","inLanguage":"pl-PL","@id":"http:\/\/complit.pl\/#\/schema\/logo\/image\/","url":"https:\/\/complit.pl\/wp-content\/uploads\/2023\/10\/malelogo.png","contentUrl":"https:\/\/complit.pl\/wp-content\/uploads\/2023\/10\/malelogo.png","width":207,"height":68,"caption":"COMPLIT"},"image":{"@id":"http:\/\/complit.pl\/#\/schema\/logo\/image\/"}}]}},"jetpack_sharing_enabled":true,"_links":{"self":[{"href":"https:\/\/complit.pl\/index.php\/wp-json\/wp\/v2\/pages\/13856","targetHints":{"allow":["GET"]}}],"collection":[{"href":"https:\/\/complit.pl\/index.php\/wp-json\/wp\/v2\/pages"}],"about":[{"href":"https:\/\/complit.pl\/index.php\/wp-json\/wp\/v2\/types\/page"}],"author":[{"embeddable":true,"href":"https:\/\/complit.pl\/index.php\/wp-json\/wp\/v2\/users\/1"}],"replies":[{"embeddable":true,"href":"https:\/\/complit.pl\/index.php\/wp-json\/wp\/v2\/comments?post=13856"}],"version-history":[{"count":26,"href":"https:\/\/complit.pl\/index.php\/wp-json\/wp\/v2\/pages\/13856\/revisions"}],"predecessor-version":[{"id":14440,"href":"https:\/\/complit.pl\/index.php\/wp-json\/wp\/v2\/pages\/13856\/revisions\/14440"}],"wp:attachment":[{"href":"https:\/\/complit.pl\/index.php\/wp-json\/wp\/v2\/media?parent=13856"}],"curies":[{"name":"wp","href":"https:\/\/api.w.org\/{rel}","templated":true}]}}