{"id":14339,"date":"2024-04-30T10:07:30","date_gmt":"2024-04-30T10:07:30","guid":{"rendered":"https:\/\/complit.pl\/?page_id=14339"},"modified":"2024-04-30T14:29:18","modified_gmt":"2024-04-30T14:29:18","slug":"aktualnosci","status":"publish","type":"page","link":"https:\/\/complit.pl\/index.php\/aktualnosci\/","title":{"rendered":"Aktualno\u015bci"},"content":{"rendered":"","protected":false},"excerpt":{"rendered":"","protected":false},"author":1,"featured_media":0,"parent":0,"menu_order":0,"comment_status":"closed","ping_status":"closed","template":"page-templates\/template-list.php","meta":{"_monsterinsights_skip_tracking":false,"_monsterinsights_sitenote_active":false,"_monsterinsights_sitenote_note":"","_monsterinsights_sitenote_category":0,"footnotes":""},"class_list":["post-14339","page","type-page","status-publish","hentry"],"yoast_head":"<!-- This site is optimized with the Yoast SEO plugin v27.4 - https:\/\/yoast.com\/product\/yoast-seo-wordpress\/ -->\n<title>Aktualno\u015bci - COMPLIT<\/title>\n<meta name=\"description\" content=\"Wiadomo\u015bci, aktualno\u015bci i newsy zwi\u0105zane z naszymi dzia\u0142aniami oraz dostarczanym do klient\u00f3w oprogramowaniem.\" \/>\n<meta name=\"robots\" content=\"index, follow, max-snippet:-1, max-image-preview:large, max-video-preview:-1\" \/>\n<link rel=\"canonical\" href=\"http:\/\/complit.pl\/index.php\/aktualnosci\/\" \/>\n<meta property=\"og:locale\" content=\"pl_PL\" \/>\n<meta property=\"og:type\" content=\"article\" \/>\n<meta property=\"og:title\" content=\"Aktualno\u015bci - COMPLIT\" \/>\n<meta property=\"og:description\" content=\"Wiadomo\u015bci, aktualno\u015bci i newsy zwi\u0105zane z naszymi dzia\u0142aniami oraz dostarczanym do klient\u00f3w oprogramowaniem.\" \/>\n<meta property=\"og:url\" content=\"http:\/\/complit.pl\/index.php\/aktualnosci\/\" \/>\n<meta property=\"og:site_name\" content=\"COMPLIT\" \/>\n<meta property=\"article:modified_time\" content=\"2024-04-30T14:29:18+00:00\" \/>\n<meta name=\"twitter:card\" content=\"summary_large_image\" \/>\n<script type=\"application\/ld+json\" class=\"yoast-schema-graph\">{\"@context\":\"https:\\\/\\\/schema.org\",\"@graph\":[{\"@type\":\"WebPage\",\"@id\":\"http:\\\/\\\/complit.pl\\\/index.php\\\/aktualnosci\\\/\",\"url\":\"http:\\\/\\\/complit.pl\\\/index.php\\\/aktualnosci\\\/\",\"name\":\"Aktualno\u015bci - COMPLIT\",\"isPartOf\":{\"@id\":\"http:\\\/\\\/complit.pl\\\/#website\"},\"datePublished\":\"2024-04-30T10:07:30+00:00\",\"dateModified\":\"2024-04-30T14:29:18+00:00\",\"description\":\"Wiadomo\u015bci, aktualno\u015bci i newsy zwi\u0105zane z naszymi dzia\u0142aniami oraz dostarczanym do klient\u00f3w oprogramowaniem.\",\"breadcrumb\":{\"@id\":\"http:\\\/\\\/complit.pl\\\/index.php\\\/aktualnosci\\\/#breadcrumb\"},\"inLanguage\":\"pl-PL\",\"potentialAction\":[{\"@type\":\"ReadAction\",\"target\":[\"http:\\\/\\\/complit.pl\\\/index.php\\\/aktualnosci\\\/\"]}]},{\"@type\":\"BreadcrumbList\",\"@id\":\"http:\\\/\\\/complit.pl\\\/index.php\\\/aktualnosci\\\/#breadcrumb\",\"itemListElement\":[{\"@type\":\"ListItem\",\"position\":1,\"name\":\"Strona g\u0142\u00f3wna\",\"item\":\"https:\\\/\\\/complit.pl\\\/\"},{\"@type\":\"ListItem\",\"position\":2,\"name\":\"Aktualno\u015bci\"}]},{\"@type\":\"WebSite\",\"@id\":\"http:\\\/\\\/complit.pl\\\/#website\",\"url\":\"http:\\\/\\\/complit.pl\\\/\",\"name\":\"COMPLIT\",\"description\":\"We make IT works\",\"publisher\":{\"@id\":\"http:\\\/\\\/complit.pl\\\/#organization\"},\"potentialAction\":[{\"@type\":\"SearchAction\",\"target\":{\"@type\":\"EntryPoint\",\"urlTemplate\":\"http:\\\/\\\/complit.pl\\\/?s={search_term_string}\"},\"query-input\":{\"@type\":\"PropertyValueSpecification\",\"valueRequired\":true,\"valueName\":\"search_term_string\"}}],\"inLanguage\":\"pl-PL\"},{\"@type\":\"Organization\",\"@id\":\"http:\\\/\\\/complit.pl\\\/#organization\",\"name\":\"COMPLIT\",\"url\":\"http:\\\/\\\/complit.pl\\\/\",\"logo\":{\"@type\":\"ImageObject\",\"inLanguage\":\"pl-PL\",\"@id\":\"http:\\\/\\\/complit.pl\\\/#\\\/schema\\\/logo\\\/image\\\/\",\"url\":\"https:\\\/\\\/complit.pl\\\/wp-content\\\/uploads\\\/2023\\\/10\\\/malelogo.png\",\"contentUrl\":\"https:\\\/\\\/complit.pl\\\/wp-content\\\/uploads\\\/2023\\\/10\\\/malelogo.png\",\"width\":207,\"height\":68,\"caption\":\"COMPLIT\"},\"image\":{\"@id\":\"http:\\\/\\\/complit.pl\\\/#\\\/schema\\\/logo\\\/image\\\/\"}}]}<\/script>\n<!-- \/ Yoast SEO plugin. -->","yoast_head_json":{"title":"Aktualno\u015bci - COMPLIT","description":"Wiadomo\u015bci, aktualno\u015bci i newsy zwi\u0105zane z naszymi dzia\u0142aniami oraz dostarczanym do klient\u00f3w oprogramowaniem.","robots":{"index":"index","follow":"follow","max-snippet":"max-snippet:-1","max-image-preview":"max-image-preview:large","max-video-preview":"max-video-preview:-1"},"canonical":"http:\/\/complit.pl\/index.php\/aktualnosci\/","og_locale":"pl_PL","og_type":"article","og_title":"Aktualno\u015bci - COMPLIT","og_description":"Wiadomo\u015bci, aktualno\u015bci i newsy zwi\u0105zane z naszymi dzia\u0142aniami oraz dostarczanym do klient\u00f3w oprogramowaniem.","og_url":"http:\/\/complit.pl\/index.php\/aktualnosci\/","og_site_name":"COMPLIT","article_modified_time":"2024-04-30T14:29:18+00:00","twitter_card":"summary_large_image","schema":{"@context":"https:\/\/schema.org","@graph":[{"@type":"WebPage","@id":"http:\/\/complit.pl\/index.php\/aktualnosci\/","url":"http:\/\/complit.pl\/index.php\/aktualnosci\/","name":"Aktualno\u015bci - COMPLIT","isPartOf":{"@id":"http:\/\/complit.pl\/#website"},"datePublished":"2024-04-30T10:07:30+00:00","dateModified":"2024-04-30T14:29:18+00:00","description":"Wiadomo\u015bci, aktualno\u015bci i newsy zwi\u0105zane z naszymi dzia\u0142aniami oraz dostarczanym do klient\u00f3w oprogramowaniem.","breadcrumb":{"@id":"http:\/\/complit.pl\/index.php\/aktualnosci\/#breadcrumb"},"inLanguage":"pl-PL","potentialAction":[{"@type":"ReadAction","target":["http:\/\/complit.pl\/index.php\/aktualnosci\/"]}]},{"@type":"BreadcrumbList","@id":"http:\/\/complit.pl\/index.php\/aktualnosci\/#breadcrumb","itemListElement":[{"@type":"ListItem","position":1,"name":"Strona g\u0142\u00f3wna","item":"https:\/\/complit.pl\/"},{"@type":"ListItem","position":2,"name":"Aktualno\u015bci"}]},{"@type":"WebSite","@id":"http:\/\/complit.pl\/#website","url":"http:\/\/complit.pl\/","name":"COMPLIT","description":"We make IT works","publisher":{"@id":"http:\/\/complit.pl\/#organization"},"potentialAction":[{"@type":"SearchAction","target":{"@type":"EntryPoint","urlTemplate":"http:\/\/complit.pl\/?s={search_term_string}"},"query-input":{"@type":"PropertyValueSpecification","valueRequired":true,"valueName":"search_term_string"}}],"inLanguage":"pl-PL"},{"@type":"Organization","@id":"http:\/\/complit.pl\/#organization","name":"COMPLIT","url":"http:\/\/complit.pl\/","logo":{"@type":"ImageObject","inLanguage":"pl-PL","@id":"http:\/\/complit.pl\/#\/schema\/logo\/image\/","url":"https:\/\/complit.pl\/wp-content\/uploads\/2023\/10\/malelogo.png","contentUrl":"https:\/\/complit.pl\/wp-content\/uploads\/2023\/10\/malelogo.png","width":207,"height":68,"caption":"COMPLIT"},"image":{"@id":"http:\/\/complit.pl\/#\/schema\/logo\/image\/"}}]}},"jetpack_sharing_enabled":true,"_links":{"self":[{"href":"https:\/\/complit.pl\/index.php\/wp-json\/wp\/v2\/pages\/14339","targetHints":{"allow":["GET"]}}],"collection":[{"href":"https:\/\/complit.pl\/index.php\/wp-json\/wp\/v2\/pages"}],"about":[{"href":"https:\/\/complit.pl\/index.php\/wp-json\/wp\/v2\/types\/page"}],"author":[{"embeddable":true,"href":"https:\/\/complit.pl\/index.php\/wp-json\/wp\/v2\/users\/1"}],"replies":[{"embeddable":true,"href":"https:\/\/complit.pl\/index.php\/wp-json\/wp\/v2\/comments?post=14339"}],"version-history":[{"count":4,"href":"https:\/\/complit.pl\/index.php\/wp-json\/wp\/v2\/pages\/14339\/revisions"}],"predecessor-version":[{"id":14345,"href":"https:\/\/complit.pl\/index.php\/wp-json\/wp\/v2\/pages\/14339\/revisions\/14345"}],"wp:attachment":[{"href":"https:\/\/complit.pl\/index.php\/wp-json\/wp\/v2\/media?parent=14339"}],"curies":[{"name":"wp","href":"https:\/\/api.w.org\/{rel}","templated":true}]}}