{"id":14472,"date":"2024-05-07T09:42:37","date_gmt":"2024-05-07T09:42:37","guid":{"rendered":"https:\/\/complit.pl\/?page_id=14472"},"modified":"2024-06-11T07:49:05","modified_gmt":"2024-06-11T07:49:05","slug":"sprzedaz-produktow","status":"publish","type":"page","link":"https:\/\/complit.pl\/index.php\/sprzedaz-produktow\/","title":{"rendered":"Sprzeda\u017c produkt\u00f3w"},"content":{"rendered":"\t\t<div data-elementor-type=\"wp-page\" data-elementor-id=\"14472\" class=\"elementor elementor-14472\">\n\t\t\t\t\t\t<section class=\"elementor-section elementor-top-section elementor-element elementor-element-e2d6e1e elementor-section-boxed elementor-section-height-default elementor-section-height-default\" data-id=\"e2d6e1e\" data-element_type=\"section\" data-e-type=\"section\">\n\t\t\t\t\t\t<div class=\"elementor-container elementor-column-gap-default\">\n\t\t\t\t\t<div class=\"elementor-column elementor-col-100 elementor-top-column elementor-element elementor-element-01b0e50\" data-id=\"01b0e50\" data-element_type=\"column\" data-e-type=\"column\">\n\t\t\t<div class=\"elementor-widget-wrap elementor-element-populated\">\n\t\t\t\t\t\t<div class=\"elementor-element elementor-element-e38ddd8 elementor-widget elementor-widget-spacer\" data-id=\"e38ddd8\" data-element_type=\"widget\" data-e-type=\"widget\" data-widget_type=\"spacer.default\">\n\t\t\t\t<div class=\"elementor-widget-container\">\n\t\t\t\t\t\t\t<div class=\"elementor-spacer\">\n\t\t\t<div class=\"elementor-spacer-inner\"><\/div>\n\t\t<\/div>\n\t\t\t\t\t\t<\/div>\n\t\t\t\t<\/div>\n\t\t\t\t<div class=\"elementor-element elementor-element-011ecc7 elementor-widget elementor-widget-sectiontitle\" data-id=\"011ecc7\" data-element_type=\"widget\" data-e-type=\"widget\" data-widget_type=\"sectiontitle.default\">\n\t\t\t\t<div class=\"elementor-widget-container\">\n\t\t\t\t\t\r\n\t\t\t\t\t<div class=\"\">\r\n\r\n\t\t\t\t<div class=\"section-title t_left\">\r\n\t\t\t\t\t\r\n\t\t\t\t\t \r\n\t\t\t\t\t\t<h3>Dostarczamy nie tylko oprogramowanie<\/h3>\r\n\t\t\t\t\t\r\n\t\t\t\t\t\t\t\t\t\t<div class=\"bar-main\">\r\n\t\t\t\t\t\t<div class=\"bar bar-big\"><\/div>\r\n\t\t\t\t\t<\/div>\r\n\r\n\t\t\t\t\t \r\n\t\t\t\t\t\t<p>Zajmujemy si\u0119 r\u00f3wnie\u017c sprzeda\u017c\u0105 fizycznych urz\u0105dze\u0144 takich jak komputery czy serwery.<\/p>\r\n\t\t\t\t\t\r\n\r\n\r\n\t\t\t\t<\/div>\t\r\n\r\n\t\t\t<\/div>\r\n\r\n\t\t\r\n\t\t\t\t\t\t<\/div>\n\t\t\t\t<\/div>\n\t\t\t\t\t<\/div>\n\t\t<\/div>\n\t\t\t\t\t<\/div>\n\t\t<\/section>\n\t\t\t\t<section class=\"elementor-section elementor-top-section elementor-element elementor-element-b29770a elementor-section-boxed elementor-section-height-default elementor-section-height-default\" data-id=\"b29770a\" data-element_type=\"section\" data-e-type=\"section\">\n\t\t\t\t\t\t<div class=\"elementor-container elementor-column-gap-default\">\n\t\t\t\t\t<div class=\"elementor-column elementor-col-100 elementor-top-column elementor-element elementor-element-e1e4598\" data-id=\"e1e4598\" data-element_type=\"column\" data-e-type=\"column\">\n\t\t\t<div class=\"elementor-widget-wrap elementor-element-populated\">\n\t\t\t\t\t\t<div class=\"elementor-element elementor-element-631a90b elementor-widget elementor-widget-sectiontitle\" data-id=\"631a90b\" data-element_type=\"widget\" data-e-type=\"widget\" data-widget_type=\"sectiontitle.default\">\n\t\t\t\t<div class=\"elementor-widget-container\">\n\t\t\t\t\t\r\n\t\t\t\t\t<div class=\"\">\r\n\r\n\t\t\t\t<div class=\"section-title t_left\">\r\n\t\t\t\t\t\r\n\t\t\t\t\t\r\n\t\t\t\t\t \r\n\t\t\t\t\t\t<h2>Nasza oferta<span><\/span><\/h2>\r\n\t\t\t\t\t\t\t\t\t\t<div class=\"bar-main\">\r\n\t\t\t\t\t\t<div class=\"bar bar-big\"><\/div>\r\n\t\t\t\t\t<\/div>\r\n\r\n\t\t\t\t\t\r\n\r\n\r\n\t\t\t\t<\/div>\t\r\n\r\n\t\t\t<\/div>\r\n\r\n\t\t\r\n\t\t\t\t\t\t<\/div>\n\t\t\t\t<\/div>\n\t\t\t\t<div class=\"elementor-element elementor-element-0780014 elementor-widget elementor-widget-heading\" data-id=\"0780014\" data-element_type=\"widget\" data-e-type=\"widget\" data-widget_type=\"heading.default\">\n\t\t\t\t<div class=\"elementor-widget-container\">\n\t\t\t\t\t<h4 class=\"elementor-heading-title elementor-size-default\">Oprogramowanie:<\/h4>\t\t\t\t<\/div>\n\t\t\t\t<\/div>\n\t\t\t\t<div class=\"elementor-element elementor-element-4a0f2f7 elementor-widget elementor-widget-text-editor\" data-id=\"4a0f2f7\" data-element_type=\"widget\" data-e-type=\"widget\" data-widget_type=\"text-editor.default\">\n\t\t\t\t<div class=\"elementor-widget-container\">\n\t\t\t\t\t\t\t\t\t<p style=\"text-align: left;\">Dostarczamy oprogramowanie znanych firm takich jak Microsoft, jak i bardziej specjalistyczne rozwi\u0105zania takie jak <a href=\"https:\/\/complit.pl\/index.php\/comarch\/\">Comarch<\/a> czy <a href=\"https:\/\/complit.pl\/index.php\/symfonia\/\">Symfonia<\/a>.<\/p><p style=\"text-align: left;\">Dok\u0142adna oferta oraz informacje o innych oferowanych przez nas rozwi\u0105zaniach dost\u0119pne s\u0105 w zak\u0142adce Oprogramowanie.<\/p>\t\t\t\t\t\t\t\t<\/div>\n\t\t\t\t<\/div>\n\t\t\t\t<div class=\"elementor-element elementor-element-413d983 elementor-widget elementor-widget-heading\" data-id=\"413d983\" data-element_type=\"widget\" data-e-type=\"widget\" data-widget_type=\"heading.default\">\n\t\t\t\t<div class=\"elementor-widget-container\">\n\t\t\t\t\t<h4 class=\"elementor-heading-title elementor-size-default\">Urz\u0105dzenia:<\/h4>\t\t\t\t<\/div>\n\t\t\t\t<\/div>\n\t\t\t\t<div class=\"elementor-element elementor-element-7bd0c3c elementor-widget elementor-widget-text-editor\" data-id=\"7bd0c3c\" data-element_type=\"widget\" data-e-type=\"widget\" data-widget_type=\"text-editor.default\">\n\t\t\t\t<div class=\"elementor-widget-container\">\n\t\t\t\t\t\t\t\t\t<p style=\"text-align: left;\"><span style=\"font-size: 12pt;\">Naszym klientom dostarczamy r\u00f3wnie\u017c wszelki potrzebny sprz\u0119t w tym komputery stacjonarne, laptopy, urz\u0105dzenia peryferyjne, urz\u0105dzenia sieciowe, a tak\u017ce serwery.<\/span><\/p><p>\u00a0<\/p>\t\t\t\t\t\t\t\t<\/div>\n\t\t\t\t<\/div>\n\t\t\t\t\t<\/div>\n\t\t<\/div>\n\t\t\t\t\t<\/div>\n\t\t<\/section>\n\t\t\t\t<section class=\"elementor-section elementor-top-section elementor-element elementor-element-45bc189 elementor-section-boxed elementor-section-height-default elementor-section-height-default\" data-id=\"45bc189\" data-element_type=\"section\" data-e-type=\"section\" data-settings=\"{&quot;background_background&quot;:&quot;classic&quot;}\">\n\t\t\t\t\t\t\t<div class=\"elementor-background-overlay\"><\/div>\n\t\t\t\t\t\t\t<div class=\"elementor-container elementor-column-gap-default\">\n\t\t\t\t\t<div class=\"elementor-column elementor-col-100 elementor-top-column elementor-element elementor-element-7f55d5f\" data-id=\"7f55d5f\" data-element_type=\"column\" data-e-type=\"column\">\n\t\t\t<div class=\"elementor-widget-wrap elementor-element-populated\">\n\t\t\t\t\t\t<div class=\"elementor-element elementor-element-8349417 elementor-widget elementor-widget-calltoaction\" data-id=\"8349417\" data-element_type=\"widget\" data-e-type=\"widget\" data-widget_type=\"calltoaction.default\">\n\t\t\t\t<div class=\"elementor-widget-container\">\n\t\t\t\t\t\r\n\t\t\r\n\t\t\t<div class=\"call-to-action style-one\">\r\n\t\t\t\t<div class=\"call-to-video\">\r\n\r\n\t\t\t\t\t\r\n\t\t\t\t<\/div>\r\n\r\n\t\t\t\t<div class=\"single_call-to-action_text\">\r\n\t\t\t\t\t<div class=\"call-to-action_top_text\">\r\n\t\t\t\t\t\t<div class=\"call-to-action-title\">\r\n\t\t\t\t\t\t\t<span class=\"subtitlespan\"><h3>+48 22 100 5 100<\/h3><\/span>\r\n\t\t\t\t\t\t\t<h2>Wsp\u00f3\u0142pracuj z nami <br>i zyskaj<\/h2>\r\n\t\t\t\t\t\t<\/div>\r\n\t\t\t\t\t<\/div>\r\n\t\t\t\t\t<div class=\"call-to-action-inner\">\t\t\t\t\r\n\t\t\t\t\t\t<div class=\"call-to-action-desc\">\r\n\t\t\t\t\t\t\t<p><\/p>\r\n\t\t\t\t\t\t<\/div>\t\t\t\t\t\t\r\n\t\t\t\t\t<\/div>\r\n\r\n\t\t\t\t\t\t\t\t\t\t<div class=\"call-to-action-btn\">\r\n\t\t\t\t\t\t<a href=\"https:\/\/complit.pl\/index.php\/contact\/\">Kontakt<\/a>\r\n\t\t\t\t\t<\/div>\r\n\t\t\t\t\t\t\t\t\t<\/div>\r\n\t\t\t<\/div>\r\n\r\n\t\t\r\n\t\t\t\t\t\t<\/div>\n\t\t\t\t<\/div>\n\t\t\t\t\t<\/div>\n\t\t<\/div>\n\t\t\t\t\t<\/div>\n\t\t<\/section>\n\t\t\t\t<\/div>\n\t\t","protected":false},"excerpt":{"rendered":"<p>Dostarczamy nie tylko oprogramowanie Zajmujemy si\u0119 r\u00f3wnie\u017c sprzeda\u017c\u0105 fizycznych urz\u0105dze\u0144 takich jak komputery czy serwery. Nasza oferta Oprogramowanie: Dostarczamy oprogramowanie znanych firm takich jak Microsoft, jak i bardziej specjalistyczne rozwi\u0105zania takie jak Comarch czy Symfonia. Dok\u0142adna oferta oraz informacje o innych oferowanych przez nas rozwi\u0105zaniach dost\u0119pne s\u0105 w zak\u0142adce Oprogramowanie. Urz\u0105dzenia: Naszym klientom dostarczamy r\u00f3wnie\u017c [&hellip;]<\/p>\n","protected":false},"author":1,"featured_media":0,"parent":0,"menu_order":0,"comment_status":"closed","ping_status":"closed","template":"page-templates\/template-default.php","meta":{"_monsterinsights_skip_tracking":false,"_monsterinsights_sitenote_active":false,"_monsterinsights_sitenote_note":"","_monsterinsights_sitenote_category":0,"footnotes":""},"class_list":["post-14472","page","type-page","status-publish","hentry"],"yoast_head":"<!-- This site is optimized with the Yoast SEO plugin v27.4 - https:\/\/yoast.com\/product\/yoast-seo-wordpress\/ -->\n<title>Sprzeda\u017c produkt\u00f3w - COMPLIT<\/title>\n<meta name=\"description\" content=\"Dostarczamy nie tylko oprogramowanie. Zajmujemy si\u0119 r\u00f3wnie\u017c sprzeda\u017c\u0105 fizycznych urz\u0105dze\u0144 takich jak komputery czy serwery.\" \/>\n<meta name=\"robots\" content=\"index, follow, max-snippet:-1, max-image-preview:large, max-video-preview:-1\" \/>\n<link rel=\"canonical\" href=\"http:\/\/complit.pl\/index.php\/sprzedaz-produktow\/\" \/>\n<meta property=\"og:locale\" content=\"pl_PL\" \/>\n<meta property=\"og:type\" content=\"article\" \/>\n<meta property=\"og:title\" content=\"Sprzeda\u017c produkt\u00f3w - COMPLIT\" \/>\n<meta property=\"og:description\" content=\"Dostarczamy nie tylko oprogramowanie. Zajmujemy si\u0119 r\u00f3wnie\u017c sprzeda\u017c\u0105 fizycznych urz\u0105dze\u0144 takich jak komputery czy serwery.\" \/>\n<meta property=\"og:url\" content=\"http:\/\/complit.pl\/index.php\/sprzedaz-produktow\/\" \/>\n<meta property=\"og:site_name\" content=\"COMPLIT\" \/>\n<meta property=\"article:modified_time\" content=\"2024-06-11T07:49:05+00:00\" \/>\n<meta name=\"twitter:card\" content=\"summary_large_image\" \/>\n<meta name=\"twitter:label1\" content=\"Szacowany czas czytania\" \/>\n\t<meta name=\"twitter:data1\" content=\"1 minuta\" \/>\n<script type=\"application\/ld+json\" class=\"yoast-schema-graph\">{\"@context\":\"https:\\\/\\\/schema.org\",\"@graph\":[{\"@type\":\"WebPage\",\"@id\":\"http:\\\/\\\/complit.pl\\\/index.php\\\/sprzedaz-produktow\\\/\",\"url\":\"http:\\\/\\\/complit.pl\\\/index.php\\\/sprzedaz-produktow\\\/\",\"name\":\"Sprzeda\u017c produkt\u00f3w - COMPLIT\",\"isPartOf\":{\"@id\":\"http:\\\/\\\/complit.pl\\\/#website\"},\"datePublished\":\"2024-05-07T09:42:37+00:00\",\"dateModified\":\"2024-06-11T07:49:05+00:00\",\"description\":\"Dostarczamy nie tylko oprogramowanie. Zajmujemy si\u0119 r\u00f3wnie\u017c sprzeda\u017c\u0105 fizycznych urz\u0105dze\u0144 takich jak komputery czy serwery.\",\"breadcrumb\":{\"@id\":\"http:\\\/\\\/complit.pl\\\/index.php\\\/sprzedaz-produktow\\\/#breadcrumb\"},\"inLanguage\":\"pl-PL\",\"potentialAction\":[{\"@type\":\"ReadAction\",\"target\":[\"http:\\\/\\\/complit.pl\\\/index.php\\\/sprzedaz-produktow\\\/\"]}]},{\"@type\":\"BreadcrumbList\",\"@id\":\"http:\\\/\\\/complit.pl\\\/index.php\\\/sprzedaz-produktow\\\/#breadcrumb\",\"itemListElement\":[{\"@type\":\"ListItem\",\"position\":1,\"name\":\"Strona g\u0142\u00f3wna\",\"item\":\"https:\\\/\\\/complit.pl\\\/\"},{\"@type\":\"ListItem\",\"position\":2,\"name\":\"Sprzeda\u017c produkt\u00f3w\"}]},{\"@type\":\"WebSite\",\"@id\":\"http:\\\/\\\/complit.pl\\\/#website\",\"url\":\"http:\\\/\\\/complit.pl\\\/\",\"name\":\"COMPLIT\",\"description\":\"We make IT works\",\"publisher\":{\"@id\":\"http:\\\/\\\/complit.pl\\\/#organization\"},\"potentialAction\":[{\"@type\":\"SearchAction\",\"target\":{\"@type\":\"EntryPoint\",\"urlTemplate\":\"http:\\\/\\\/complit.pl\\\/?s={search_term_string}\"},\"query-input\":{\"@type\":\"PropertyValueSpecification\",\"valueRequired\":true,\"valueName\":\"search_term_string\"}}],\"inLanguage\":\"pl-PL\"},{\"@type\":\"Organization\",\"@id\":\"http:\\\/\\\/complit.pl\\\/#organization\",\"name\":\"COMPLIT\",\"url\":\"http:\\\/\\\/complit.pl\\\/\",\"logo\":{\"@type\":\"ImageObject\",\"inLanguage\":\"pl-PL\",\"@id\":\"http:\\\/\\\/complit.pl\\\/#\\\/schema\\\/logo\\\/image\\\/\",\"url\":\"https:\\\/\\\/complit.pl\\\/wp-content\\\/uploads\\\/2023\\\/10\\\/malelogo.png\",\"contentUrl\":\"https:\\\/\\\/complit.pl\\\/wp-content\\\/uploads\\\/2023\\\/10\\\/malelogo.png\",\"width\":207,\"height\":68,\"caption\":\"COMPLIT\"},\"image\":{\"@id\":\"http:\\\/\\\/complit.pl\\\/#\\\/schema\\\/logo\\\/image\\\/\"}}]}<\/script>\n<!-- \/ Yoast SEO plugin. -->","yoast_head_json":{"title":"Sprzeda\u017c produkt\u00f3w - COMPLIT","description":"Dostarczamy nie tylko oprogramowanie. Zajmujemy si\u0119 r\u00f3wnie\u017c sprzeda\u017c\u0105 fizycznych urz\u0105dze\u0144 takich jak komputery czy serwery.","robots":{"index":"index","follow":"follow","max-snippet":"max-snippet:-1","max-image-preview":"max-image-preview:large","max-video-preview":"max-video-preview:-1"},"canonical":"http:\/\/complit.pl\/index.php\/sprzedaz-produktow\/","og_locale":"pl_PL","og_type":"article","og_title":"Sprzeda\u017c produkt\u00f3w - COMPLIT","og_description":"Dostarczamy nie tylko oprogramowanie. Zajmujemy si\u0119 r\u00f3wnie\u017c sprzeda\u017c\u0105 fizycznych urz\u0105dze\u0144 takich jak komputery czy serwery.","og_url":"http:\/\/complit.pl\/index.php\/sprzedaz-produktow\/","og_site_name":"COMPLIT","article_modified_time":"2024-06-11T07:49:05+00:00","twitter_card":"summary_large_image","twitter_misc":{"Szacowany czas czytania":"1 minuta"},"schema":{"@context":"https:\/\/schema.org","@graph":[{"@type":"WebPage","@id":"http:\/\/complit.pl\/index.php\/sprzedaz-produktow\/","url":"http:\/\/complit.pl\/index.php\/sprzedaz-produktow\/","name":"Sprzeda\u017c produkt\u00f3w - COMPLIT","isPartOf":{"@id":"http:\/\/complit.pl\/#website"},"datePublished":"2024-05-07T09:42:37+00:00","dateModified":"2024-06-11T07:49:05+00:00","description":"Dostarczamy nie tylko oprogramowanie. Zajmujemy si\u0119 r\u00f3wnie\u017c sprzeda\u017c\u0105 fizycznych urz\u0105dze\u0144 takich jak komputery czy serwery.","breadcrumb":{"@id":"http:\/\/complit.pl\/index.php\/sprzedaz-produktow\/#breadcrumb"},"inLanguage":"pl-PL","potentialAction":[{"@type":"ReadAction","target":["http:\/\/complit.pl\/index.php\/sprzedaz-produktow\/"]}]},{"@type":"BreadcrumbList","@id":"http:\/\/complit.pl\/index.php\/sprzedaz-produktow\/#breadcrumb","itemListElement":[{"@type":"ListItem","position":1,"name":"Strona g\u0142\u00f3wna","item":"https:\/\/complit.pl\/"},{"@type":"ListItem","position":2,"name":"Sprzeda\u017c produkt\u00f3w"}]},{"@type":"WebSite","@id":"http:\/\/complit.pl\/#website","url":"http:\/\/complit.pl\/","name":"COMPLIT","description":"We make IT works","publisher":{"@id":"http:\/\/complit.pl\/#organization"},"potentialAction":[{"@type":"SearchAction","target":{"@type":"EntryPoint","urlTemplate":"http:\/\/complit.pl\/?s={search_term_string}"},"query-input":{"@type":"PropertyValueSpecification","valueRequired":true,"valueName":"search_term_string"}}],"inLanguage":"pl-PL"},{"@type":"Organization","@id":"http:\/\/complit.pl\/#organization","name":"COMPLIT","url":"http:\/\/complit.pl\/","logo":{"@type":"ImageObject","inLanguage":"pl-PL","@id":"http:\/\/complit.pl\/#\/schema\/logo\/image\/","url":"https:\/\/complit.pl\/wp-content\/uploads\/2023\/10\/malelogo.png","contentUrl":"https:\/\/complit.pl\/wp-content\/uploads\/2023\/10\/malelogo.png","width":207,"height":68,"caption":"COMPLIT"},"image":{"@id":"http:\/\/complit.pl\/#\/schema\/logo\/image\/"}}]}},"jetpack_sharing_enabled":true,"_links":{"self":[{"href":"https:\/\/complit.pl\/index.php\/wp-json\/wp\/v2\/pages\/14472","targetHints":{"allow":["GET"]}}],"collection":[{"href":"https:\/\/complit.pl\/index.php\/wp-json\/wp\/v2\/pages"}],"about":[{"href":"https:\/\/complit.pl\/index.php\/wp-json\/wp\/v2\/types\/page"}],"author":[{"embeddable":true,"href":"https:\/\/complit.pl\/index.php\/wp-json\/wp\/v2\/users\/1"}],"replies":[{"embeddable":true,"href":"https:\/\/complit.pl\/index.php\/wp-json\/wp\/v2\/comments?post=14472"}],"version-history":[{"count":10,"href":"https:\/\/complit.pl\/index.php\/wp-json\/wp\/v2\/pages\/14472\/revisions"}],"predecessor-version":[{"id":14538,"href":"https:\/\/complit.pl\/index.php\/wp-json\/wp\/v2\/pages\/14472\/revisions\/14538"}],"wp:attachment":[{"href":"https:\/\/complit.pl\/index.php\/wp-json\/wp\/v2\/media?parent=14472"}],"curies":[{"name":"wp","href":"https:\/\/api.w.org\/{rel}","templated":true}]}}