{"id":14474,"date":"2024-05-07T09:43:27","date_gmt":"2024-05-07T09:43:27","guid":{"rendered":"https:\/\/complit.pl\/?page_id=14474"},"modified":"2024-05-20T10:50:14","modified_gmt":"2024-05-20T10:50:14","slug":"social_marketing","status":"publish","type":"page","link":"https:\/\/complit.pl\/index.php\/social_marketing\/","title":{"rendered":"Social Marketing"},"content":{"rendered":"\t\t<div data-elementor-type=\"wp-page\" data-elementor-id=\"14474\" class=\"elementor elementor-14474\">\n\t\t\t\t\t\t<section class=\"elementor-section elementor-top-section elementor-element elementor-element-e2d6e1e elementor-section-boxed elementor-section-height-default elementor-section-height-default\" data-id=\"e2d6e1e\" data-element_type=\"section\" data-e-type=\"section\">\n\t\t\t\t\t\t<div class=\"elementor-container elementor-column-gap-default\">\n\t\t\t\t\t<div class=\"elementor-column elementor-col-100 elementor-top-column elementor-element elementor-element-01b0e50\" data-id=\"01b0e50\" data-element_type=\"column\" data-e-type=\"column\">\n\t\t\t<div class=\"elementor-widget-wrap elementor-element-populated\">\n\t\t\t\t\t\t<div class=\"elementor-element elementor-element-e38ddd8 elementor-widget elementor-widget-spacer\" data-id=\"e38ddd8\" data-element_type=\"widget\" data-e-type=\"widget\" data-widget_type=\"spacer.default\">\n\t\t\t\t<div class=\"elementor-widget-container\">\n\t\t\t\t\t\t\t<div class=\"elementor-spacer\">\n\t\t\t<div class=\"elementor-spacer-inner\"><\/div>\n\t\t<\/div>\n\t\t\t\t\t\t<\/div>\n\t\t\t\t<\/div>\n\t\t\t\t<div class=\"elementor-element elementor-element-011ecc7 elementor-widget elementor-widget-sectiontitle\" data-id=\"011ecc7\" data-element_type=\"widget\" data-e-type=\"widget\" data-widget_type=\"sectiontitle.default\">\n\t\t\t\t<div class=\"elementor-widget-container\">\n\t\t\t\t\t\r\n\t\t\t\t\t<div class=\"\">\r\n\r\n\t\t\t\t<div class=\"section-title t_left\">\r\n\t\t\t\t\t\r\n\t\t\t\t\t \r\n\t\t\t\t\t\t<h3>Social Marketing<\/h3>\r\n\t\t\t\t\t\r\n\t\t\t\t\t \r\n\t\t\t\t\t\t<h2>Wizerunek firmy w sieci <span>jest wa\u017cny<\/span><\/h2>\r\n\t\t\t\t\t\t\t\t\t\t<div class=\"bar-main\">\r\n\t\t\t\t\t\t<div class=\"bar bar-big\"><\/div>\r\n\t\t\t\t\t<\/div>\r\n\r\n\t\t\t\t\t \r\n\t\t\t\t\t\t<p>W obecnych czasach ludzie szukaj\u0105 praktycznie wszystkiego w Internecie dlatego warto umo\u017cliwi\u0107 im odnalezienie tam tak\u017ce Twojej firmy.<\/p>\r\n\t\t\t\t\t\r\n\r\n\r\n\t\t\t\t<\/div>\t\r\n\r\n\t\t\t<\/div>\r\n\r\n\t\t\r\n\t\t\t\t\t\t<\/div>\n\t\t\t\t<\/div>\n\t\t\t\t\t<\/div>\n\t\t<\/div>\n\t\t\t\t\t<\/div>\n\t\t<\/section>\n\t\t\t\t<section class=\"elementor-section elementor-top-section elementor-element elementor-element-b29770a elementor-section-boxed elementor-section-height-default elementor-section-height-default\" data-id=\"b29770a\" data-element_type=\"section\" data-e-type=\"section\">\n\t\t\t\t\t\t<div class=\"elementor-container elementor-column-gap-default\">\n\t\t\t\t\t<div class=\"elementor-column elementor-col-100 elementor-top-column elementor-element elementor-element-e1e4598\" data-id=\"e1e4598\" data-element_type=\"column\" data-e-type=\"column\">\n\t\t\t<div class=\"elementor-widget-wrap elementor-element-populated\">\n\t\t\t\t\t\t<div class=\"elementor-element elementor-element-631a90b elementor-widget elementor-widget-sectiontitle\" data-id=\"631a90b\" data-element_type=\"widget\" data-e-type=\"widget\" data-widget_type=\"sectiontitle.default\">\n\t\t\t\t<div class=\"elementor-widget-container\">\n\t\t\t\t\t\r\n\t\t\t\t\t<div class=\"\">\r\n\r\n\t\t\t\t<div class=\"section-title t_left\">\r\n\t\t\t\t\t\r\n\t\t\t\t\t\r\n\t\t\t\t\t \r\n\t\t\t\t\t\t<h2>Jak poprawi\u0107 wizerunek firmy?<span><\/span><\/h2>\r\n\t\t\t\t\t\t\t\t\t\t<div class=\"bar-main\">\r\n\t\t\t\t\t\t<div class=\"bar bar-big\"><\/div>\r\n\t\t\t\t\t<\/div>\r\n\r\n\t\t\t\t\t\r\n\r\n\r\n\t\t\t\t<\/div>\t\r\n\r\n\t\t\t<\/div>\r\n\r\n\t\t\r\n\t\t\t\t\t\t<\/div>\n\t\t\t\t<\/div>\n\t\t\t\t<div class=\"elementor-element elementor-element-4a0f2f7 elementor-widget elementor-widget-text-editor\" data-id=\"4a0f2f7\" data-element_type=\"widget\" data-e-type=\"widget\" data-widget_type=\"text-editor.default\">\n\t\t\t\t<div class=\"elementor-widget-container\">\n\t\t\t\t\t\t\t\t\t<p style=\"text-align: left;\">Zaprezentowanie firmy w Internecie jest bardzo wa\u017cne i u\u0142atwia znalezienie nowych klient\u00f3w, a tak\u017ce przy\u015bpiesza rozw\u00f3j.<br \/>W\u0142asna nowoczesna i estetyczna strona internetowa? Wizyt\u00f3wka na mapach Google? Strona na Facebook? Reklama na Instagramie?\u00a0<br \/>To wszystko pomaga poprawi\u0107 wizerunek firmy, sprawi\u0107 by sta\u0142a si\u0119 bardziej rozpoznawalna i przy\u015bpieszy\u0107 jej rozw\u00f3j, a my pomo\u017cemy to skonfigurowa\u0107, aktualizowa\u0107 i utrzyma\u0107.\u00a0<\/p>\t\t\t\t\t\t\t\t<\/div>\n\t\t\t\t<\/div>\n\t\t\t\t\t<\/div>\n\t\t<\/div>\n\t\t\t\t\t<\/div>\n\t\t<\/section>\n\t\t\t\t<\/div>\n\t\t","protected":false},"excerpt":{"rendered":"<p>Social Marketing Wizerunek firmy w sieci jest wa\u017cny W obecnych czasach ludzie szukaj\u0105 praktycznie wszystkiego w Internecie dlatego warto umo\u017cliwi\u0107 im odnalezienie tam tak\u017ce Twojej firmy. Jak poprawi\u0107 wizerunek firmy? Zaprezentowanie firmy w Internecie jest bardzo wa\u017cne i u\u0142atwia znalezienie nowych klient\u00f3w, a tak\u017ce przy\u015bpiesza rozw\u00f3j.W\u0142asna nowoczesna i estetyczna strona internetowa? Wizyt\u00f3wka na mapach Google? [&hellip;]<\/p>\n","protected":false},"author":1,"featured_media":0,"parent":0,"menu_order":0,"comment_status":"closed","ping_status":"closed","template":"page-templates\/template-default.php","meta":{"_monsterinsights_skip_tracking":false,"_monsterinsights_sitenote_active":false,"_monsterinsights_sitenote_note":"","_monsterinsights_sitenote_category":0,"footnotes":""},"class_list":["post-14474","page","type-page","status-publish","hentry"],"yoast_head":"<!-- This site is optimized with the Yoast SEO plugin v27.4 - https:\/\/yoast.com\/product\/yoast-seo-wordpress\/ -->\n<title>Social Marketing - COMPLIT<\/title>\n<meta name=\"description\" content=\"W obecnych czasach ludzie szukaj\u0105 praktycznie wszystkiego w Internecie dlatego warto umo\u017cliwi\u0107 im odnalezienie tam tak\u017ce Twojej firmy.\" \/>\n<meta name=\"robots\" content=\"index, follow, max-snippet:-1, max-image-preview:large, max-video-preview:-1\" \/>\n<link rel=\"canonical\" href=\"http:\/\/complit.pl\/index.php\/social_marketing\/\" \/>\n<meta property=\"og:locale\" content=\"pl_PL\" \/>\n<meta property=\"og:type\" content=\"article\" \/>\n<meta property=\"og:title\" content=\"Social Marketing - COMPLIT\" \/>\n<meta property=\"og:description\" content=\"W obecnych czasach ludzie szukaj\u0105 praktycznie wszystkiego w Internecie dlatego warto umo\u017cliwi\u0107 im odnalezienie tam tak\u017ce Twojej firmy.\" \/>\n<meta property=\"og:url\" content=\"http:\/\/complit.pl\/index.php\/social_marketing\/\" \/>\n<meta property=\"og:site_name\" content=\"COMPLIT\" \/>\n<meta property=\"article:modified_time\" content=\"2024-05-20T10:50:14+00:00\" \/>\n<meta name=\"twitter:card\" content=\"summary_large_image\" \/>\n<meta name=\"twitter:label1\" content=\"Szacowany czas czytania\" \/>\n\t<meta name=\"twitter:data1\" content=\"1 minuta\" \/>\n<script type=\"application\/ld+json\" class=\"yoast-schema-graph\">{\"@context\":\"https:\\\/\\\/schema.org\",\"@graph\":[{\"@type\":\"WebPage\",\"@id\":\"http:\\\/\\\/complit.pl\\\/index.php\\\/social_marketing\\\/\",\"url\":\"http:\\\/\\\/complit.pl\\\/index.php\\\/social_marketing\\\/\",\"name\":\"Social Marketing - COMPLIT\",\"isPartOf\":{\"@id\":\"http:\\\/\\\/complit.pl\\\/#website\"},\"datePublished\":\"2024-05-07T09:43:27+00:00\",\"dateModified\":\"2024-05-20T10:50:14+00:00\",\"description\":\"W obecnych czasach ludzie szukaj\u0105 praktycznie wszystkiego w Internecie dlatego warto umo\u017cliwi\u0107 im odnalezienie tam tak\u017ce Twojej firmy.\",\"breadcrumb\":{\"@id\":\"http:\\\/\\\/complit.pl\\\/index.php\\\/social_marketing\\\/#breadcrumb\"},\"inLanguage\":\"pl-PL\",\"potentialAction\":[{\"@type\":\"ReadAction\",\"target\":[\"http:\\\/\\\/complit.pl\\\/index.php\\\/social_marketing\\\/\"]}]},{\"@type\":\"BreadcrumbList\",\"@id\":\"http:\\\/\\\/complit.pl\\\/index.php\\\/social_marketing\\\/#breadcrumb\",\"itemListElement\":[{\"@type\":\"ListItem\",\"position\":1,\"name\":\"Strona g\u0142\u00f3wna\",\"item\":\"https:\\\/\\\/complit.pl\\\/\"},{\"@type\":\"ListItem\",\"position\":2,\"name\":\"Social Marketing\"}]},{\"@type\":\"WebSite\",\"@id\":\"http:\\\/\\\/complit.pl\\\/#website\",\"url\":\"http:\\\/\\\/complit.pl\\\/\",\"name\":\"COMPLIT\",\"description\":\"We make IT works\",\"publisher\":{\"@id\":\"http:\\\/\\\/complit.pl\\\/#organization\"},\"potentialAction\":[{\"@type\":\"SearchAction\",\"target\":{\"@type\":\"EntryPoint\",\"urlTemplate\":\"http:\\\/\\\/complit.pl\\\/?s={search_term_string}\"},\"query-input\":{\"@type\":\"PropertyValueSpecification\",\"valueRequired\":true,\"valueName\":\"search_term_string\"}}],\"inLanguage\":\"pl-PL\"},{\"@type\":\"Organization\",\"@id\":\"http:\\\/\\\/complit.pl\\\/#organization\",\"name\":\"COMPLIT\",\"url\":\"http:\\\/\\\/complit.pl\\\/\",\"logo\":{\"@type\":\"ImageObject\",\"inLanguage\":\"pl-PL\",\"@id\":\"http:\\\/\\\/complit.pl\\\/#\\\/schema\\\/logo\\\/image\\\/\",\"url\":\"https:\\\/\\\/complit.pl\\\/wp-content\\\/uploads\\\/2023\\\/10\\\/malelogo.png\",\"contentUrl\":\"https:\\\/\\\/complit.pl\\\/wp-content\\\/uploads\\\/2023\\\/10\\\/malelogo.png\",\"width\":207,\"height\":68,\"caption\":\"COMPLIT\"},\"image\":{\"@id\":\"http:\\\/\\\/complit.pl\\\/#\\\/schema\\\/logo\\\/image\\\/\"}}]}<\/script>\n<!-- \/ Yoast SEO plugin. -->","yoast_head_json":{"title":"Social Marketing - COMPLIT","description":"W obecnych czasach ludzie szukaj\u0105 praktycznie wszystkiego w Internecie dlatego warto umo\u017cliwi\u0107 im odnalezienie tam tak\u017ce Twojej firmy.","robots":{"index":"index","follow":"follow","max-snippet":"max-snippet:-1","max-image-preview":"max-image-preview:large","max-video-preview":"max-video-preview:-1"},"canonical":"http:\/\/complit.pl\/index.php\/social_marketing\/","og_locale":"pl_PL","og_type":"article","og_title":"Social Marketing - COMPLIT","og_description":"W obecnych czasach ludzie szukaj\u0105 praktycznie wszystkiego w Internecie dlatego warto umo\u017cliwi\u0107 im odnalezienie tam tak\u017ce Twojej firmy.","og_url":"http:\/\/complit.pl\/index.php\/social_marketing\/","og_site_name":"COMPLIT","article_modified_time":"2024-05-20T10:50:14+00:00","twitter_card":"summary_large_image","twitter_misc":{"Szacowany czas czytania":"1 minuta"},"schema":{"@context":"https:\/\/schema.org","@graph":[{"@type":"WebPage","@id":"http:\/\/complit.pl\/index.php\/social_marketing\/","url":"http:\/\/complit.pl\/index.php\/social_marketing\/","name":"Social Marketing - COMPLIT","isPartOf":{"@id":"http:\/\/complit.pl\/#website"},"datePublished":"2024-05-07T09:43:27+00:00","dateModified":"2024-05-20T10:50:14+00:00","description":"W obecnych czasach ludzie szukaj\u0105 praktycznie wszystkiego w Internecie dlatego warto umo\u017cliwi\u0107 im odnalezienie tam tak\u017ce Twojej firmy.","breadcrumb":{"@id":"http:\/\/complit.pl\/index.php\/social_marketing\/#breadcrumb"},"inLanguage":"pl-PL","potentialAction":[{"@type":"ReadAction","target":["http:\/\/complit.pl\/index.php\/social_marketing\/"]}]},{"@type":"BreadcrumbList","@id":"http:\/\/complit.pl\/index.php\/social_marketing\/#breadcrumb","itemListElement":[{"@type":"ListItem","position":1,"name":"Strona g\u0142\u00f3wna","item":"https:\/\/complit.pl\/"},{"@type":"ListItem","position":2,"name":"Social Marketing"}]},{"@type":"WebSite","@id":"http:\/\/complit.pl\/#website","url":"http:\/\/complit.pl\/","name":"COMPLIT","description":"We make IT works","publisher":{"@id":"http:\/\/complit.pl\/#organization"},"potentialAction":[{"@type":"SearchAction","target":{"@type":"EntryPoint","urlTemplate":"http:\/\/complit.pl\/?s={search_term_string}"},"query-input":{"@type":"PropertyValueSpecification","valueRequired":true,"valueName":"search_term_string"}}],"inLanguage":"pl-PL"},{"@type":"Organization","@id":"http:\/\/complit.pl\/#organization","name":"COMPLIT","url":"http:\/\/complit.pl\/","logo":{"@type":"ImageObject","inLanguage":"pl-PL","@id":"http:\/\/complit.pl\/#\/schema\/logo\/image\/","url":"https:\/\/complit.pl\/wp-content\/uploads\/2023\/10\/malelogo.png","contentUrl":"https:\/\/complit.pl\/wp-content\/uploads\/2023\/10\/malelogo.png","width":207,"height":68,"caption":"COMPLIT"},"image":{"@id":"http:\/\/complit.pl\/#\/schema\/logo\/image\/"}}]}},"jetpack_sharing_enabled":true,"_links":{"self":[{"href":"https:\/\/complit.pl\/index.php\/wp-json\/wp\/v2\/pages\/14474","targetHints":{"allow":["GET"]}}],"collection":[{"href":"https:\/\/complit.pl\/index.php\/wp-json\/wp\/v2\/pages"}],"about":[{"href":"https:\/\/complit.pl\/index.php\/wp-json\/wp\/v2\/types\/page"}],"author":[{"embeddable":true,"href":"https:\/\/complit.pl\/index.php\/wp-json\/wp\/v2\/users\/1"}],"replies":[{"embeddable":true,"href":"https:\/\/complit.pl\/index.php\/wp-json\/wp\/v2\/comments?post=14474"}],"version-history":[{"count":4,"href":"https:\/\/complit.pl\/index.php\/wp-json\/wp\/v2\/pages\/14474\/revisions"}],"predecessor-version":[{"id":14498,"href":"https:\/\/complit.pl\/index.php\/wp-json\/wp\/v2\/pages\/14474\/revisions\/14498"}],"wp:attachment":[{"href":"https:\/\/complit.pl\/index.php\/wp-json\/wp\/v2\/media?parent=14474"}],"curies":[{"name":"wp","href":"https:\/\/api.w.org\/{rel}","templated":true}]}}