{"id":2813,"date":"2021-01-07T09:28:53","date_gmt":"2021-01-07T09:28:53","guid":{"rendered":"https:\/\/wp.ditsolution.net\/techno?page_id=2813"},"modified":"2024-05-20T10:45:19","modified_gmt":"2024-05-20T10:45:19","slug":"helpdesk","status":"publish","type":"page","link":"https:\/\/complit.pl\/index.php\/helpdesk\/","title":{"rendered":"Helpdesk"},"content":{"rendered":"\t\t<div data-elementor-type=\"wp-page\" data-elementor-id=\"2813\" class=\"elementor elementor-2813\">\n\t\t\t\t\t\t<section class=\"elementor-section elementor-top-section elementor-element elementor-element-080fc70 elementor-section-boxed elementor-section-height-default elementor-section-height-default\" data-id=\"080fc70\" data-element_type=\"section\" data-e-type=\"section\">\n\t\t\t\t\t\t<div class=\"elementor-container elementor-column-gap-default\">\n\t\t\t\t\t<div class=\"elementor-column elementor-col-100 elementor-top-column elementor-element elementor-element-f1a24ec\" data-id=\"f1a24ec\" data-element_type=\"column\" data-e-type=\"column\">\n\t\t\t<div class=\"elementor-widget-wrap\">\n\t\t\t\t\t\t\t<\/div>\n\t\t<\/div>\n\t\t\t\t\t<\/div>\n\t\t<\/section>\n\t\t\t\t<section class=\"elementor-section elementor-top-section elementor-element elementor-element-203e35b elementor-section-boxed elementor-section-height-default elementor-section-height-default\" data-id=\"203e35b\" data-element_type=\"section\" data-e-type=\"section\">\n\t\t\t\t\t\t<div class=\"elementor-container elementor-column-gap-default\">\n\t\t\t\t\t<div class=\"elementor-column elementor-col-100 elementor-top-column elementor-element elementor-element-1a0156f\" data-id=\"1a0156f\" data-element_type=\"column\" data-e-type=\"column\">\n\t\t\t<div class=\"elementor-widget-wrap elementor-element-populated\">\n\t\t\t\t\t\t<div class=\"elementor-element elementor-element-12fbb39 elementor-widget elementor-widget-sectiontitle\" data-id=\"12fbb39\" data-element_type=\"widget\" data-e-type=\"widget\" data-widget_type=\"sectiontitle.default\">\n\t\t\t\t<div class=\"elementor-widget-container\">\n\t\t\t\t\t\r\n\t\t\t\t\t<div class=\"\">\r\n\r\n\t\t\t\t<div class=\"section-title t_left\">\r\n\t\t\t\t\t\r\n\t\t\t\t\t \r\n\t\t\t\t\t\t<h3>Helpdesk<\/h3>\r\n\t\t\t\t\t\r\n\t\t\t\t\t \r\n\t\t\t\t\t\t<h2>Czyli wsparcie w <span>codziennych sprawach<\/span><\/h2>\r\n\t\t\t\t\t\t\t\t\t\t<div class=\"bar-main\">\r\n\t\t\t\t\t\t<div class=\"bar bar-big\"><\/div>\r\n\t\t\t\t\t<\/div>\r\n\r\n\t\t\t\t\t\r\n\r\n\r\n\t\t\t\t<\/div>\t\r\n\r\n\t\t\t<\/div>\r\n\r\n\t\t\r\n\t\t\t\t\t\t<\/div>\n\t\t\t\t<\/div>\n\t\t\t\t<section class=\"elementor-section elementor-inner-section elementor-element elementor-element-994e4af elementor-section-boxed elementor-section-height-default elementor-section-height-default\" data-id=\"994e4af\" data-element_type=\"section\" data-e-type=\"section\">\n\t\t\t\t\t\t<div class=\"elementor-container elementor-column-gap-default\">\n\t\t\t\t\t<div class=\"elementor-column elementor-col-100 elementor-inner-column elementor-element elementor-element-656071a\" data-id=\"656071a\" data-element_type=\"column\" data-e-type=\"column\">\n\t\t\t<div class=\"elementor-widget-wrap elementor-element-populated\">\n\t\t\t\t\t\t<div class=\"elementor-element elementor-element-27d8b3c elementor-widget elementor-widget-text-editor\" data-id=\"27d8b3c\" data-element_type=\"widget\" data-e-type=\"widget\" data-widget_type=\"text-editor.default\">\n\t\t\t\t<div class=\"elementor-widget-container\">\n\t\t\t\t\t\t\t\t\t<div class=\"kc-elm kc-css-97285 kc_text_block\"><p>Zapewnienie wsparcia w codziennych sytuacjach jest bardzo wa\u017cnym elementem pracy dzia\u0142u IT.<br \/>Dok\u0142adamy wszelkich stara\u0144 aby ka\u017cdy zg\u0142aszany do nas problem by\u0142 rozwi\u0105zywany najszybciej jak to mo\u017cliwe.<\/p><\/div>\t\t\t\t\t\t\t\t<\/div>\n\t\t\t\t<\/div>\n\t\t\t\t\t<\/div>\n\t\t<\/div>\n\t\t\t\t\t<\/div>\n\t\t<\/section>\n\t\t\t\t\t<\/div>\n\t\t<\/div>\n\t\t\t\t\t<\/div>\n\t\t<\/section>\n\t\t\t\t<\/div>\n\t\t","protected":false},"excerpt":{"rendered":"<p>Helpdesk Czyli wsparcie w codziennych sprawach Zapewnienie wsparcia w codziennych sytuacjach jest bardzo wa\u017cnym elementem pracy dzia\u0142u IT.Dok\u0142adamy wszelkich stara\u0144 aby ka\u017cdy zg\u0142aszany do nas problem by\u0142 rozwi\u0105zywany najszybciej jak to mo\u017cliwe.<\/p>\n","protected":false},"author":1,"featured_media":0,"parent":0,"menu_order":0,"comment_status":"closed","ping_status":"closed","template":"page-templates\/template-default.php","meta":{"_monsterinsights_skip_tracking":false,"_monsterinsights_sitenote_active":false,"_monsterinsights_sitenote_note":"","_monsterinsights_sitenote_category":0,"footnotes":""},"class_list":["post-2813","page","type-page","status-publish","hentry"],"yoast_head":"<!-- This site is optimized with the Yoast SEO plugin v27.4 - https:\/\/yoast.com\/product\/yoast-seo-wordpress\/ -->\n<title>Helpdesk - COMPLIT<\/title>\n<meta name=\"description\" content=\"Nasz dzia\u0142 helpdesk dok\u0142ada wszelkich stara\u0144 aby ka\u017cdy zg\u0142aszany do nas problem by\u0142 rozwi\u0105zywany najszybciej jak to mo\u017cliwe.\" \/>\n<meta name=\"robots\" content=\"index, follow, max-snippet:-1, max-image-preview:large, max-video-preview:-1\" \/>\n<link rel=\"canonical\" href=\"http:\/\/complit.pl\/index.php\/helpdesk\/\" \/>\n<meta property=\"og:locale\" content=\"pl_PL\" \/>\n<meta property=\"og:type\" content=\"article\" \/>\n<meta property=\"og:title\" content=\"Helpdesk - COMPLIT\" \/>\n<meta property=\"og:description\" content=\"Nasz dzia\u0142 helpdesk dok\u0142ada wszelkich stara\u0144 aby ka\u017cdy zg\u0142aszany do nas problem by\u0142 rozwi\u0105zywany najszybciej jak to mo\u017cliwe.\" \/>\n<meta property=\"og:url\" content=\"http:\/\/complit.pl\/index.php\/helpdesk\/\" \/>\n<meta property=\"og:site_name\" content=\"COMPLIT\" \/>\n<meta property=\"article:modified_time\" content=\"2024-05-20T10:45:19+00:00\" \/>\n<meta name=\"twitter:card\" content=\"summary_large_image\" \/>\n<meta name=\"twitter:label1\" content=\"Szacowany czas czytania\" \/>\n\t<meta name=\"twitter:data1\" content=\"1 minuta\" \/>\n<script type=\"application\/ld+json\" class=\"yoast-schema-graph\">{\"@context\":\"https:\\\/\\\/schema.org\",\"@graph\":[{\"@type\":\"WebPage\",\"@id\":\"http:\\\/\\\/complit.pl\\\/index.php\\\/helpdesk\\\/\",\"url\":\"http:\\\/\\\/complit.pl\\\/index.php\\\/helpdesk\\\/\",\"name\":\"Helpdesk - COMPLIT\",\"isPartOf\":{\"@id\":\"http:\\\/\\\/complit.pl\\\/#website\"},\"datePublished\":\"2021-01-07T09:28:53+00:00\",\"dateModified\":\"2024-05-20T10:45:19+00:00\",\"description\":\"Nasz dzia\u0142 helpdesk dok\u0142ada wszelkich stara\u0144 aby ka\u017cdy zg\u0142aszany do nas problem by\u0142 rozwi\u0105zywany najszybciej jak to mo\u017cliwe.\",\"breadcrumb\":{\"@id\":\"http:\\\/\\\/complit.pl\\\/index.php\\\/helpdesk\\\/#breadcrumb\"},\"inLanguage\":\"pl-PL\",\"potentialAction\":[{\"@type\":\"ReadAction\",\"target\":[\"http:\\\/\\\/complit.pl\\\/index.php\\\/helpdesk\\\/\"]}]},{\"@type\":\"BreadcrumbList\",\"@id\":\"http:\\\/\\\/complit.pl\\\/index.php\\\/helpdesk\\\/#breadcrumb\",\"itemListElement\":[{\"@type\":\"ListItem\",\"position\":1,\"name\":\"Strona g\u0142\u00f3wna\",\"item\":\"https:\\\/\\\/complit.pl\\\/\"},{\"@type\":\"ListItem\",\"position\":2,\"name\":\"Helpdesk\"}]},{\"@type\":\"WebSite\",\"@id\":\"http:\\\/\\\/complit.pl\\\/#website\",\"url\":\"http:\\\/\\\/complit.pl\\\/\",\"name\":\"COMPLIT\",\"description\":\"We make IT works\",\"publisher\":{\"@id\":\"http:\\\/\\\/complit.pl\\\/#organization\"},\"potentialAction\":[{\"@type\":\"SearchAction\",\"target\":{\"@type\":\"EntryPoint\",\"urlTemplate\":\"http:\\\/\\\/complit.pl\\\/?s={search_term_string}\"},\"query-input\":{\"@type\":\"PropertyValueSpecification\",\"valueRequired\":true,\"valueName\":\"search_term_string\"}}],\"inLanguage\":\"pl-PL\"},{\"@type\":\"Organization\",\"@id\":\"http:\\\/\\\/complit.pl\\\/#organization\",\"name\":\"COMPLIT\",\"url\":\"http:\\\/\\\/complit.pl\\\/\",\"logo\":{\"@type\":\"ImageObject\",\"inLanguage\":\"pl-PL\",\"@id\":\"http:\\\/\\\/complit.pl\\\/#\\\/schema\\\/logo\\\/image\\\/\",\"url\":\"https:\\\/\\\/complit.pl\\\/wp-content\\\/uploads\\\/2023\\\/10\\\/malelogo.png\",\"contentUrl\":\"https:\\\/\\\/complit.pl\\\/wp-content\\\/uploads\\\/2023\\\/10\\\/malelogo.png\",\"width\":207,\"height\":68,\"caption\":\"COMPLIT\"},\"image\":{\"@id\":\"http:\\\/\\\/complit.pl\\\/#\\\/schema\\\/logo\\\/image\\\/\"}}]}<\/script>\n<!-- \/ Yoast SEO plugin. -->","yoast_head_json":{"title":"Helpdesk - COMPLIT","description":"Nasz dzia\u0142 helpdesk dok\u0142ada wszelkich stara\u0144 aby ka\u017cdy zg\u0142aszany do nas problem by\u0142 rozwi\u0105zywany najszybciej jak to mo\u017cliwe.","robots":{"index":"index","follow":"follow","max-snippet":"max-snippet:-1","max-image-preview":"max-image-preview:large","max-video-preview":"max-video-preview:-1"},"canonical":"http:\/\/complit.pl\/index.php\/helpdesk\/","og_locale":"pl_PL","og_type":"article","og_title":"Helpdesk - COMPLIT","og_description":"Nasz dzia\u0142 helpdesk dok\u0142ada wszelkich stara\u0144 aby ka\u017cdy zg\u0142aszany do nas problem by\u0142 rozwi\u0105zywany najszybciej jak to mo\u017cliwe.","og_url":"http:\/\/complit.pl\/index.php\/helpdesk\/","og_site_name":"COMPLIT","article_modified_time":"2024-05-20T10:45:19+00:00","twitter_card":"summary_large_image","twitter_misc":{"Szacowany czas czytania":"1 minuta"},"schema":{"@context":"https:\/\/schema.org","@graph":[{"@type":"WebPage","@id":"http:\/\/complit.pl\/index.php\/helpdesk\/","url":"http:\/\/complit.pl\/index.php\/helpdesk\/","name":"Helpdesk - COMPLIT","isPartOf":{"@id":"http:\/\/complit.pl\/#website"},"datePublished":"2021-01-07T09:28:53+00:00","dateModified":"2024-05-20T10:45:19+00:00","description":"Nasz dzia\u0142 helpdesk dok\u0142ada wszelkich stara\u0144 aby ka\u017cdy zg\u0142aszany do nas problem by\u0142 rozwi\u0105zywany najszybciej jak to mo\u017cliwe.","breadcrumb":{"@id":"http:\/\/complit.pl\/index.php\/helpdesk\/#breadcrumb"},"inLanguage":"pl-PL","potentialAction":[{"@type":"ReadAction","target":["http:\/\/complit.pl\/index.php\/helpdesk\/"]}]},{"@type":"BreadcrumbList","@id":"http:\/\/complit.pl\/index.php\/helpdesk\/#breadcrumb","itemListElement":[{"@type":"ListItem","position":1,"name":"Strona g\u0142\u00f3wna","item":"https:\/\/complit.pl\/"},{"@type":"ListItem","position":2,"name":"Helpdesk"}]},{"@type":"WebSite","@id":"http:\/\/complit.pl\/#website","url":"http:\/\/complit.pl\/","name":"COMPLIT","description":"We make IT works","publisher":{"@id":"http:\/\/complit.pl\/#organization"},"potentialAction":[{"@type":"SearchAction","target":{"@type":"EntryPoint","urlTemplate":"http:\/\/complit.pl\/?s={search_term_string}"},"query-input":{"@type":"PropertyValueSpecification","valueRequired":true,"valueName":"search_term_string"}}],"inLanguage":"pl-PL"},{"@type":"Organization","@id":"http:\/\/complit.pl\/#organization","name":"COMPLIT","url":"http:\/\/complit.pl\/","logo":{"@type":"ImageObject","inLanguage":"pl-PL","@id":"http:\/\/complit.pl\/#\/schema\/logo\/image\/","url":"https:\/\/complit.pl\/wp-content\/uploads\/2023\/10\/malelogo.png","contentUrl":"https:\/\/complit.pl\/wp-content\/uploads\/2023\/10\/malelogo.png","width":207,"height":68,"caption":"COMPLIT"},"image":{"@id":"http:\/\/complit.pl\/#\/schema\/logo\/image\/"}}]}},"jetpack_sharing_enabled":true,"_links":{"self":[{"href":"https:\/\/complit.pl\/index.php\/wp-json\/wp\/v2\/pages\/2813","targetHints":{"allow":["GET"]}}],"collection":[{"href":"https:\/\/complit.pl\/index.php\/wp-json\/wp\/v2\/pages"}],"about":[{"href":"https:\/\/complit.pl\/index.php\/wp-json\/wp\/v2\/types\/page"}],"author":[{"embeddable":true,"href":"https:\/\/complit.pl\/index.php\/wp-json\/wp\/v2\/users\/1"}],"replies":[{"embeddable":true,"href":"https:\/\/complit.pl\/index.php\/wp-json\/wp\/v2\/comments?post=2813"}],"version-history":[{"count":6,"href":"https:\/\/complit.pl\/index.php\/wp-json\/wp\/v2\/pages\/2813\/revisions"}],"predecessor-version":[{"id":14489,"href":"https:\/\/complit.pl\/index.php\/wp-json\/wp\/v2\/pages\/2813\/revisions\/14489"}],"wp:attachment":[{"href":"https:\/\/complit.pl\/index.php\/wp-json\/wp\/v2\/media?parent=2813"}],"curies":[{"name":"wp","href":"https:\/\/api.w.org\/{rel}","templated":true}]}}