{"id":2889,"date":"2021-01-07T11:09:36","date_gmt":"2021-01-07T11:09:36","guid":{"rendered":"https:\/\/wp.ditsolution.net\/techno?page_id=2889"},"modified":"2024-06-11T07:41:59","modified_gmt":"2024-06-11T07:41:59","slug":"infrastruktura","status":"publish","type":"page","link":"https:\/\/complit.pl\/index.php\/infrastruktura\/","title":{"rendered":"Zarz\u0105dzanie infrastruktur\u0105"},"content":{"rendered":"\t\t<div data-elementor-type=\"wp-page\" data-elementor-id=\"2889\" class=\"elementor elementor-2889\">\n\t\t\t\t\t\t<section class=\"elementor-section elementor-top-section elementor-element elementor-element-e2d6e1e elementor-section-boxed elementor-section-height-default elementor-section-height-default\" data-id=\"e2d6e1e\" data-element_type=\"section\" data-e-type=\"section\">\n\t\t\t\t\t\t<div class=\"elementor-container elementor-column-gap-default\">\n\t\t\t\t\t<div class=\"elementor-column elementor-col-100 elementor-top-column elementor-element elementor-element-01b0e50\" data-id=\"01b0e50\" data-element_type=\"column\" data-e-type=\"column\">\n\t\t\t<div class=\"elementor-widget-wrap elementor-element-populated\">\n\t\t\t\t\t\t<div class=\"elementor-element elementor-element-e38ddd8 elementor-widget elementor-widget-spacer\" data-id=\"e38ddd8\" data-element_type=\"widget\" data-e-type=\"widget\" data-widget_type=\"spacer.default\">\n\t\t\t\t<div class=\"elementor-widget-container\">\n\t\t\t\t\t\t\t<div class=\"elementor-spacer\">\n\t\t\t<div class=\"elementor-spacer-inner\"><\/div>\n\t\t<\/div>\n\t\t\t\t\t\t<\/div>\n\t\t\t\t<\/div>\n\t\t\t\t<div class=\"elementor-element elementor-element-011ecc7 elementor-widget elementor-widget-sectiontitle\" data-id=\"011ecc7\" data-element_type=\"widget\" data-e-type=\"widget\" data-widget_type=\"sectiontitle.default\">\n\t\t\t\t<div class=\"elementor-widget-container\">\n\t\t\t\t\t\r\n\t\t\t\t\t<div class=\"\">\r\n\r\n\t\t\t\t<div class=\"section-title t_left\">\r\n\t\t\t\t\t\r\n\t\t\t\t\t \r\n\t\t\t\t\t\t<h3>Zarz\u0105dzanie infrastruktur\u0105<\/h3>\r\n\t\t\t\t\t\r\n\t\t\t\t\t\t\t\t\t\t<div class=\"bar-main\">\r\n\t\t\t\t\t\t<div class=\"bar bar-big\"><\/div>\r\n\t\t\t\t\t<\/div>\r\n\r\n\t\t\t\t\t \r\n\t\t\t\t\t\t<p>Zarz\u0105dzanie infrastruktur\u0105 IT jest kluczowym elementem funkcjonowania wsp\u00f3\u0142czesnych przedsi\u0119biorstw. Obejmuje ono wszystkie aspekty zwi\u0105zane z planowaniem, wdra\u017caniem, utrzymaniem i optymalizacj\u0105 zasob\u00f3w technologicznych, kt\u00f3re wspieraj\u0105 dzia\u0142alno\u015b\u0107 organizacji. <br>\nEfektywne zarz\u0105dzanie infrastruktur\u0105 IT pozwala na zapewnienie ci\u0105g\u0142o\u015bci dzia\u0142ania, zwi\u0119kszenie wydajno\u015bci oraz optymalizacj\u0119 koszt\u00f3w.<\/p>\r\n\t\t\t\t\t\r\n\r\n\r\n\t\t\t\t<\/div>\t\r\n\r\n\t\t\t<\/div>\r\n\r\n\t\t\r\n\t\t\t\t\t\t<\/div>\n\t\t\t\t<\/div>\n\t\t\t\t\t<\/div>\n\t\t<\/div>\n\t\t\t\t\t<\/div>\n\t\t<\/section>\n\t\t\t\t<section class=\"elementor-section elementor-top-section elementor-element elementor-element-b29770a elementor-section-boxed elementor-section-height-default elementor-section-height-default\" data-id=\"b29770a\" data-element_type=\"section\" data-e-type=\"section\">\n\t\t\t\t\t\t<div class=\"elementor-container elementor-column-gap-default\">\n\t\t\t\t\t<div class=\"elementor-column elementor-col-100 elementor-top-column elementor-element elementor-element-e1e4598\" data-id=\"e1e4598\" data-element_type=\"column\" data-e-type=\"column\">\n\t\t\t<div class=\"elementor-widget-wrap elementor-element-populated\">\n\t\t\t\t\t\t<div class=\"elementor-element elementor-element-631a90b elementor-widget elementor-widget-sectiontitle\" data-id=\"631a90b\" data-element_type=\"widget\" data-e-type=\"widget\" data-widget_type=\"sectiontitle.default\">\n\t\t\t\t<div class=\"elementor-widget-container\">\n\t\t\t\t\t\r\n\t\t\t\t\t<div class=\"\">\r\n\r\n\t\t\t\t<div class=\"section-title t_left\">\r\n\t\t\t\t\t\r\n\t\t\t\t\t\r\n\t\t\t\t\t \r\n\t\t\t\t\t\t<h2>Zajmiemy si\u0119 <span>wszystkim<\/span><\/h2>\r\n\t\t\t\t\t\t\t\t\t\t<div class=\"bar-main\">\r\n\t\t\t\t\t\t<div class=\"bar bar-big\"><\/div>\r\n\t\t\t\t\t<\/div>\r\n\r\n\t\t\t\t\t\r\n\r\n\r\n\t\t\t\t<\/div>\t\r\n\r\n\t\t\t<\/div>\r\n\r\n\t\t\r\n\t\t\t\t\t\t<\/div>\n\t\t\t\t<\/div>\n\t\t\t\t<div class=\"elementor-element elementor-element-4a0f2f7 elementor-widget elementor-widget-text-editor\" data-id=\"4a0f2f7\" data-element_type=\"widget\" data-e-type=\"widget\" data-widget_type=\"text-editor.default\">\n\t\t\t\t<div class=\"elementor-widget-container\">\n\t\t\t\t\t\t\t\t\t<p style=\"text-align: left;\">Dzi\u0119ki naszemu do\u015bwiadczeniu jeste\u015bmy w stanie zarz\u0105dza\u0107 nawet bardzo rozbudowan\u0105 struktur\u0105 IT.<br \/>Dok\u0142adamy wszelkich stara\u0144 aby nasi klienci mogli skupi\u0107 si\u0119 na swoich celach nie martwi\u0105c si\u0119 czy potrzebne im narz\u0119dzia b\u0119d\u0105 dost\u0119pne.<\/p>\t\t\t\t\t\t\t\t<\/div>\n\t\t\t\t<\/div>\n\t\t\t\t\t<\/div>\n\t\t<\/div>\n\t\t\t\t\t<\/div>\n\t\t<\/section>\n\t\t\t\t<section class=\"elementor-section elementor-top-section elementor-element elementor-element-8e48012 elementor-section-boxed elementor-section-height-default elementor-section-height-default\" data-id=\"8e48012\" data-element_type=\"section\" data-e-type=\"section\" data-settings=\"{&quot;background_background&quot;:&quot;classic&quot;}\">\n\t\t\t\t\t\t\t<div class=\"elementor-background-overlay\"><\/div>\n\t\t\t\t\t\t\t<div class=\"elementor-container elementor-column-gap-default\">\n\t\t\t\t\t<div class=\"elementor-column elementor-col-100 elementor-top-column elementor-element elementor-element-7535b31\" data-id=\"7535b31\" data-element_type=\"column\" data-e-type=\"column\">\n\t\t\t<div class=\"elementor-widget-wrap elementor-element-populated\">\n\t\t\t\t\t\t<div class=\"elementor-element elementor-element-75c6c20 elementor-widget elementor-widget-calltoaction\" data-id=\"75c6c20\" data-element_type=\"widget\" data-e-type=\"widget\" data-widget_type=\"calltoaction.default\">\n\t\t\t\t<div class=\"elementor-widget-container\">\n\t\t\t\t\t\r\n\t\t\r\n\t\t\t<div class=\"call-to-action style-one\">\r\n\t\t\t\t<div class=\"call-to-video\">\r\n\r\n\t\t\t\t\t\r\n\t\t\t\t<\/div>\r\n\r\n\t\t\t\t<div class=\"single_call-to-action_text\">\r\n\t\t\t\t\t<div class=\"call-to-action_top_text\">\r\n\t\t\t\t\t\t<div class=\"call-to-action-title\">\r\n\t\t\t\t\t\t\t<span class=\"subtitlespan\"><h3>+48 22 100 5 100<\/h3><\/span>\r\n\t\t\t\t\t\t\t<h2>Wsp\u00f3\u0142pracuj z nami <br>i zyskaj<\/h2>\r\n\t\t\t\t\t\t<\/div>\r\n\t\t\t\t\t<\/div>\r\n\t\t\t\t\t<div class=\"call-to-action-inner\">\t\t\t\t\r\n\t\t\t\t\t\t<div class=\"call-to-action-desc\">\r\n\t\t\t\t\t\t\t<p><\/p>\r\n\t\t\t\t\t\t<\/div>\t\t\t\t\t\t\r\n\t\t\t\t\t<\/div>\r\n\r\n\t\t\t\t\t\t\t\t\t\t<div class=\"call-to-action-btn\">\r\n\t\t\t\t\t\t<a href=\"https:\/\/complit.pl\/index.php\/contact\/\">Kontakt<\/a>\r\n\t\t\t\t\t<\/div>\r\n\t\t\t\t\t\t\t\t\t<\/div>\r\n\t\t\t<\/div>\r\n\r\n\t\t\r\n\t\t\t\t\t\t<\/div>\n\t\t\t\t<\/div>\n\t\t\t\t\t<\/div>\n\t\t<\/div>\n\t\t\t\t\t<\/div>\n\t\t<\/section>\n\t\t\t\t<section class=\"elementor-section elementor-top-section elementor-element elementor-element-f5bee7e elementor-section-boxed elementor-section-height-default elementor-section-height-default\" data-id=\"f5bee7e\" data-element_type=\"section\" data-e-type=\"section\" data-settings=\"{&quot;background_background&quot;:&quot;classic&quot;}\">\n\t\t\t\t\t\t<div class=\"elementor-container elementor-column-gap-default\">\n\t\t\t\t\t<div class=\"elementor-column elementor-col-100 elementor-top-column elementor-element elementor-element-e0548be\" data-id=\"e0548be\" data-element_type=\"column\" data-e-type=\"column\">\n\t\t\t<div class=\"elementor-widget-wrap elementor-element-populated\">\n\t\t\t\t\t\t<div class=\"elementor-element elementor-element-f6da268 elementor-widget elementor-widget-brand\" data-id=\"f6da268\" data-element_type=\"widget\" data-e-type=\"widget\" data-widget_type=\"brand.default\">\n\t\t\t\t<div class=\"elementor-widget-container\">\n\t\t\t\t\t\r\n\t\t\t\r\n\t\t\t<div class=\" blog_style_adn_2\">\t\t\t\t\r\n\t\t\t\t<div class=\"blog_wrap brand_carousel owl-carousel owl-loaded curosel-style\">\r\n\t\t\t\t\r\n\t\t\t\t\t\t\t\t\t\t\t\r\n\t\t\t\t\t\r\n\t\t\t\t\t\r\n\t\t\t\t<\/div>\r\n\t\t\t<\/div>\r\n    \t\t<script>\r\n    \t\t\tjQuery(document).ready(function($) {\r\n    \t\t\t\t\"use strict\";\r\n                    \t\/* Brand Curousel *\/\r\n                    \t$('.brand_carousel').owlCarousel({\r\n                    \t\tloop: true,\r\n                    \t\tautoplay: true,\r\n                    \t\tautoplayTimeout: 4000,\r\n                    \t\tdots: false,\r\n                    \t\tnav: false,\r\n                    \t\tnavText: [\"<i class='fa fa-long-arrow-left'><\/i>\", \"<i class='fa fa-long-arrow-right''><\/i>\"],\r\n                    \t\tresponsive: {\r\n                    \t\t\t0: {\r\n                    \t\t\t\titems: 1\r\n                    \t\t\t},\r\n                    \t\t\t768: {\r\n                    \t\t\t\titems: 4\r\n                    \t\t\t},\r\n                    \t\t\t992: {\r\n                    \t\t\t\titems: 4\r\n                    \t\t\t},\r\n                    \t\t\t1920: {\r\n                    \t\t\t\titems: 6\r\n                    \t\t\t}\r\n                    \t\t}\r\n                    \t})\r\n            \t\t});\r\n            \t<\/script>\t\r\n\t\t\t\r\n\t\t\t\t\t\t<\/div>\n\t\t\t\t<\/div>\n\t\t\t\t\t<\/div>\n\t\t<\/div>\n\t\t\t\t\t<\/div>\n\t\t<\/section>\n\t\t\t\t<\/div>\n\t\t","protected":false},"excerpt":{"rendered":"<p>Zarz\u0105dzanie infrastruktur\u0105 Zarz\u0105dzanie infrastruktur\u0105 IT jest kluczowym elementem funkcjonowania wsp\u00f3\u0142czesnych przedsi\u0119biorstw. Obejmuje ono wszystkie aspekty zwi\u0105zane z planowaniem, wdra\u017caniem, utrzymaniem i optymalizacj\u0105 zasob\u00f3w technologicznych, kt\u00f3re wspieraj\u0105 dzia\u0142alno\u015b\u0107 organizacji. Efektywne zarz\u0105dzanie infrastruktur\u0105 IT pozwala na zapewnienie ci\u0105g\u0142o\u015bci dzia\u0142ania, zwi\u0119kszenie wydajno\u015bci oraz optymalizacj\u0119 koszt\u00f3w. Zajmiemy si\u0119 wszystkim Dzi\u0119ki naszemu do\u015bwiadczeniu jeste\u015bmy w stanie zarz\u0105dza\u0107 nawet bardzo rozbudowan\u0105 [&hellip;]<\/p>\n","protected":false},"author":1,"featured_media":0,"parent":0,"menu_order":0,"comment_status":"closed","ping_status":"closed","template":"page-templates\/template-default.php","meta":{"_monsterinsights_skip_tracking":false,"_monsterinsights_sitenote_active":false,"_monsterinsights_sitenote_note":"","_monsterinsights_sitenote_category":0,"footnotes":""},"class_list":["post-2889","page","type-page","status-publish","hentry"],"yoast_head":"<!-- This site is optimized with the Yoast SEO plugin v27.4 - https:\/\/yoast.com\/product\/yoast-seo-wordpress\/ -->\n<title>Zarz\u0105dzanie infrastruktur\u0105 - COMPLIT<\/title>\n<meta name=\"description\" content=\"Utrzymanie i zarz\u0105dzanie infrastruktur\u0105 IT w biznesie to bardzo odpowiedzialne zadanie. Zajmiemy si\u0119 nawet bardzo rozbudowan\u0105 struktur\u0105 IT.\" \/>\n<meta name=\"robots\" content=\"index, follow, max-snippet:-1, max-image-preview:large, max-video-preview:-1\" \/>\n<link rel=\"canonical\" href=\"http:\/\/complit.pl\/index.php\/infrastruktura\/\" \/>\n<meta property=\"og:locale\" content=\"pl_PL\" \/>\n<meta property=\"og:type\" content=\"article\" \/>\n<meta property=\"og:title\" content=\"Zarz\u0105dzanie infrastruktur\u0105 - COMPLIT\" \/>\n<meta property=\"og:description\" content=\"Utrzymanie i zarz\u0105dzanie infrastruktur\u0105 IT w biznesie to bardzo odpowiedzialne zadanie. Zajmiemy si\u0119 nawet bardzo rozbudowan\u0105 struktur\u0105 IT.\" \/>\n<meta property=\"og:url\" content=\"http:\/\/complit.pl\/index.php\/infrastruktura\/\" \/>\n<meta property=\"og:site_name\" content=\"COMPLIT\" \/>\n<meta property=\"article:modified_time\" content=\"2024-06-11T07:41:59+00:00\" \/>\n<meta property=\"og:image\" content=\"http:\/\/complit.pl\/wp-content\/uploads\/2020\/10\/b1.png\" \/>\n<meta name=\"twitter:card\" content=\"summary_large_image\" \/>\n<meta name=\"twitter:label1\" content=\"Szacowany czas czytania\" \/>\n\t<meta name=\"twitter:data1\" content=\"4 minuty\" \/>\n<script type=\"application\/ld+json\" class=\"yoast-schema-graph\">{\"@context\":\"https:\\\/\\\/schema.org\",\"@graph\":[{\"@type\":\"WebPage\",\"@id\":\"http:\\\/\\\/complit.pl\\\/index.php\\\/infrastruktura\\\/\",\"url\":\"http:\\\/\\\/complit.pl\\\/index.php\\\/infrastruktura\\\/\",\"name\":\"Zarz\u0105dzanie infrastruktur\u0105 - COMPLIT\",\"isPartOf\":{\"@id\":\"http:\\\/\\\/complit.pl\\\/#website\"},\"primaryImageOfPage\":{\"@id\":\"http:\\\/\\\/complit.pl\\\/index.php\\\/infrastruktura\\\/#primaryimage\"},\"image\":{\"@id\":\"http:\\\/\\\/complit.pl\\\/index.php\\\/infrastruktura\\\/#primaryimage\"},\"thumbnailUrl\":\"http:\\\/\\\/complit.pl\\\/wp-content\\\/uploads\\\/2020\\\/10\\\/b1.png\",\"datePublished\":\"2021-01-07T11:09:36+00:00\",\"dateModified\":\"2024-06-11T07:41:59+00:00\",\"description\":\"Utrzymanie i zarz\u0105dzanie infrastruktur\u0105 IT w biznesie to bardzo odpowiedzialne zadanie. Zajmiemy si\u0119 nawet bardzo rozbudowan\u0105 struktur\u0105 IT.\",\"breadcrumb\":{\"@id\":\"http:\\\/\\\/complit.pl\\\/index.php\\\/infrastruktura\\\/#breadcrumb\"},\"inLanguage\":\"pl-PL\",\"potentialAction\":[{\"@type\":\"ReadAction\",\"target\":[\"http:\\\/\\\/complit.pl\\\/index.php\\\/infrastruktura\\\/\"]}]},{\"@type\":\"ImageObject\",\"inLanguage\":\"pl-PL\",\"@id\":\"http:\\\/\\\/complit.pl\\\/index.php\\\/infrastruktura\\\/#primaryimage\",\"url\":\"https:\\\/\\\/complit.pl\\\/wp-content\\\/uploads\\\/2020\\\/10\\\/b1.png\",\"contentUrl\":\"https:\\\/\\\/complit.pl\\\/wp-content\\\/uploads\\\/2020\\\/10\\\/b1.png\",\"width\":132,\"height\":29},{\"@type\":\"BreadcrumbList\",\"@id\":\"http:\\\/\\\/complit.pl\\\/index.php\\\/infrastruktura\\\/#breadcrumb\",\"itemListElement\":[{\"@type\":\"ListItem\",\"position\":1,\"name\":\"Strona g\u0142\u00f3wna\",\"item\":\"https:\\\/\\\/complit.pl\\\/\"},{\"@type\":\"ListItem\",\"position\":2,\"name\":\"Zarz\u0105dzanie infrastruktur\u0105\"}]},{\"@type\":\"WebSite\",\"@id\":\"http:\\\/\\\/complit.pl\\\/#website\",\"url\":\"http:\\\/\\\/complit.pl\\\/\",\"name\":\"COMPLIT\",\"description\":\"We make IT works\",\"publisher\":{\"@id\":\"http:\\\/\\\/complit.pl\\\/#organization\"},\"potentialAction\":[{\"@type\":\"SearchAction\",\"target\":{\"@type\":\"EntryPoint\",\"urlTemplate\":\"http:\\\/\\\/complit.pl\\\/?s={search_term_string}\"},\"query-input\":{\"@type\":\"PropertyValueSpecification\",\"valueRequired\":true,\"valueName\":\"search_term_string\"}}],\"inLanguage\":\"pl-PL\"},{\"@type\":\"Organization\",\"@id\":\"http:\\\/\\\/complit.pl\\\/#organization\",\"name\":\"COMPLIT\",\"url\":\"http:\\\/\\\/complit.pl\\\/\",\"logo\":{\"@type\":\"ImageObject\",\"inLanguage\":\"pl-PL\",\"@id\":\"http:\\\/\\\/complit.pl\\\/#\\\/schema\\\/logo\\\/image\\\/\",\"url\":\"https:\\\/\\\/complit.pl\\\/wp-content\\\/uploads\\\/2023\\\/10\\\/malelogo.png\",\"contentUrl\":\"https:\\\/\\\/complit.pl\\\/wp-content\\\/uploads\\\/2023\\\/10\\\/malelogo.png\",\"width\":207,\"height\":68,\"caption\":\"COMPLIT\"},\"image\":{\"@id\":\"http:\\\/\\\/complit.pl\\\/#\\\/schema\\\/logo\\\/image\\\/\"}}]}<\/script>\n<!-- \/ Yoast SEO plugin. -->","yoast_head_json":{"title":"Zarz\u0105dzanie infrastruktur\u0105 - COMPLIT","description":"Utrzymanie i zarz\u0105dzanie infrastruktur\u0105 IT w biznesie to bardzo odpowiedzialne zadanie. Zajmiemy si\u0119 nawet bardzo rozbudowan\u0105 struktur\u0105 IT.","robots":{"index":"index","follow":"follow","max-snippet":"max-snippet:-1","max-image-preview":"max-image-preview:large","max-video-preview":"max-video-preview:-1"},"canonical":"http:\/\/complit.pl\/index.php\/infrastruktura\/","og_locale":"pl_PL","og_type":"article","og_title":"Zarz\u0105dzanie infrastruktur\u0105 - COMPLIT","og_description":"Utrzymanie i zarz\u0105dzanie infrastruktur\u0105 IT w biznesie to bardzo odpowiedzialne zadanie. Zajmiemy si\u0119 nawet bardzo rozbudowan\u0105 struktur\u0105 IT.","og_url":"http:\/\/complit.pl\/index.php\/infrastruktura\/","og_site_name":"COMPLIT","article_modified_time":"2024-06-11T07:41:59+00:00","og_image":[{"url":"http:\/\/complit.pl\/wp-content\/uploads\/2020\/10\/b1.png","type":"","width":"","height":""}],"twitter_card":"summary_large_image","twitter_misc":{"Szacowany czas czytania":"4 minuty"},"schema":{"@context":"https:\/\/schema.org","@graph":[{"@type":"WebPage","@id":"http:\/\/complit.pl\/index.php\/infrastruktura\/","url":"http:\/\/complit.pl\/index.php\/infrastruktura\/","name":"Zarz\u0105dzanie infrastruktur\u0105 - COMPLIT","isPartOf":{"@id":"http:\/\/complit.pl\/#website"},"primaryImageOfPage":{"@id":"http:\/\/complit.pl\/index.php\/infrastruktura\/#primaryimage"},"image":{"@id":"http:\/\/complit.pl\/index.php\/infrastruktura\/#primaryimage"},"thumbnailUrl":"http:\/\/complit.pl\/wp-content\/uploads\/2020\/10\/b1.png","datePublished":"2021-01-07T11:09:36+00:00","dateModified":"2024-06-11T07:41:59+00:00","description":"Utrzymanie i zarz\u0105dzanie infrastruktur\u0105 IT w biznesie to bardzo odpowiedzialne zadanie. Zajmiemy si\u0119 nawet bardzo rozbudowan\u0105 struktur\u0105 IT.","breadcrumb":{"@id":"http:\/\/complit.pl\/index.php\/infrastruktura\/#breadcrumb"},"inLanguage":"pl-PL","potentialAction":[{"@type":"ReadAction","target":["http:\/\/complit.pl\/index.php\/infrastruktura\/"]}]},{"@type":"ImageObject","inLanguage":"pl-PL","@id":"http:\/\/complit.pl\/index.php\/infrastruktura\/#primaryimage","url":"https:\/\/complit.pl\/wp-content\/uploads\/2020\/10\/b1.png","contentUrl":"https:\/\/complit.pl\/wp-content\/uploads\/2020\/10\/b1.png","width":132,"height":29},{"@type":"BreadcrumbList","@id":"http:\/\/complit.pl\/index.php\/infrastruktura\/#breadcrumb","itemListElement":[{"@type":"ListItem","position":1,"name":"Strona g\u0142\u00f3wna","item":"https:\/\/complit.pl\/"},{"@type":"ListItem","position":2,"name":"Zarz\u0105dzanie infrastruktur\u0105"}]},{"@type":"WebSite","@id":"http:\/\/complit.pl\/#website","url":"http:\/\/complit.pl\/","name":"COMPLIT","description":"We make IT works","publisher":{"@id":"http:\/\/complit.pl\/#organization"},"potentialAction":[{"@type":"SearchAction","target":{"@type":"EntryPoint","urlTemplate":"http:\/\/complit.pl\/?s={search_term_string}"},"query-input":{"@type":"PropertyValueSpecification","valueRequired":true,"valueName":"search_term_string"}}],"inLanguage":"pl-PL"},{"@type":"Organization","@id":"http:\/\/complit.pl\/#organization","name":"COMPLIT","url":"http:\/\/complit.pl\/","logo":{"@type":"ImageObject","inLanguage":"pl-PL","@id":"http:\/\/complit.pl\/#\/schema\/logo\/image\/","url":"https:\/\/complit.pl\/wp-content\/uploads\/2023\/10\/malelogo.png","contentUrl":"https:\/\/complit.pl\/wp-content\/uploads\/2023\/10\/malelogo.png","width":207,"height":68,"caption":"COMPLIT"},"image":{"@id":"http:\/\/complit.pl\/#\/schema\/logo\/image\/"}}]}},"jetpack_sharing_enabled":true,"_links":{"self":[{"href":"https:\/\/complit.pl\/index.php\/wp-json\/wp\/v2\/pages\/2889","targetHints":{"allow":["GET"]}}],"collection":[{"href":"https:\/\/complit.pl\/index.php\/wp-json\/wp\/v2\/pages"}],"about":[{"href":"https:\/\/complit.pl\/index.php\/wp-json\/wp\/v2\/types\/page"}],"author":[{"embeddable":true,"href":"https:\/\/complit.pl\/index.php\/wp-json\/wp\/v2\/users\/1"}],"replies":[{"embeddable":true,"href":"https:\/\/complit.pl\/index.php\/wp-json\/wp\/v2\/comments?post=2889"}],"version-history":[{"count":12,"href":"https:\/\/complit.pl\/index.php\/wp-json\/wp\/v2\/pages\/2889\/revisions"}],"predecessor-version":[{"id":14535,"href":"https:\/\/complit.pl\/index.php\/wp-json\/wp\/v2\/pages\/2889\/revisions\/14535"}],"wp:attachment":[{"href":"https:\/\/complit.pl\/index.php\/wp-json\/wp\/v2\/media?parent=2889"}],"curies":[{"name":"wp","href":"https:\/\/api.w.org\/{rel}","templated":true}]}}