{"id":2891,"date":"2021-01-07T11:11:59","date_gmt":"2021-01-07T11:11:59","guid":{"rendered":"https:\/\/wp.ditsolution.net\/techno?page_id=2891"},"modified":"2024-05-20T10:42:33","modified_gmt":"2024-05-20T10:42:33","slug":"analiza_doradztwo","status":"publish","type":"page","link":"https:\/\/complit.pl\/index.php\/analiza_doradztwo\/","title":{"rendered":"Analiza i doradztwo"},"content":{"rendered":"\t\t<div data-elementor-type=\"wp-page\" data-elementor-id=\"2891\" class=\"elementor elementor-2891\">\n\t\t\t\t\t\t<section class=\"elementor-section elementor-top-section elementor-element elementor-element-eb11bf9 elementor-section-boxed elementor-section-height-default elementor-section-height-default\" data-id=\"eb11bf9\" data-element_type=\"section\" data-e-type=\"section\">\n\t\t\t\t\t\t<div class=\"elementor-container elementor-column-gap-default\">\n\t\t\t\t\t<div class=\"elementor-column elementor-col-100 elementor-top-column elementor-element elementor-element-d618d30\" data-id=\"d618d30\" data-element_type=\"column\" data-e-type=\"column\">\n\t\t\t<div class=\"elementor-widget-wrap\">\n\t\t\t\t\t\t\t<\/div>\n\t\t<\/div>\n\t\t\t\t\t<\/div>\n\t\t<\/section>\n\t\t\t\t<section class=\"elementor-section elementor-top-section elementor-element elementor-element-d64904e elementor-section-content-middle elementor-section-boxed elementor-section-height-default elementor-section-height-default\" data-id=\"d64904e\" data-element_type=\"section\" data-e-type=\"section\">\n\t\t\t\t\t\t<div class=\"elementor-container elementor-column-gap-default\">\n\t\t\t\t\t<div class=\"elementor-column elementor-col-100 elementor-top-column elementor-element elementor-element-3d6b899\" data-id=\"3d6b899\" data-element_type=\"column\" data-e-type=\"column\">\n\t\t\t<div class=\"elementor-widget-wrap elementor-element-populated\">\n\t\t\t\t\t\t<div class=\"elementor-element elementor-element-14c2880 elementor-widget elementor-widget-sectiontitle\" data-id=\"14c2880\" data-element_type=\"widget\" data-e-type=\"widget\" data-widget_type=\"sectiontitle.default\">\n\t\t\t\t<div class=\"elementor-widget-container\">\n\t\t\t\t\t\r\n\t\t\t\t\t<div class=\"\">\r\n\r\n\t\t\t\t<div class=\"section-title t_left\">\r\n\t\t\t\t\t\r\n\t\t\t\t\t \r\n\t\t\t\t\t\t<h3>Analiza i doradztwo<\/h3>\r\n\t\t\t\t\t\r\n\t\t\t\t\t \r\n\t\t\t\t\t\t<h2>Dopasujemy ofert\u0119 dla <span>Twojego Biznesu<\/span><\/h2>\r\n\t\t\t\t\t\t\t\t\t\t<div class=\"bar-main\">\r\n\t\t\t\t\t\t<div class=\"bar bar-big\"><\/div>\r\n\t\t\t\t\t<\/div>\r\n\r\n\t\t\t\t\t \r\n\t\t\t\t\t\t<p>Przeprowadzamy dok\u0142adne analizy indywidualnych potrzeb ka\u017cdego z naszych klient\u00f3w.<\/p>\r\n\t\t\t\t\t\r\n\r\n\r\n\t\t\t\t<\/div>\t\r\n\r\n\t\t\t<\/div>\r\n\r\n\t\t\r\n\t\t\t\t\t\t<\/div>\n\t\t\t\t<\/div>\n\t\t\t\t<div class=\"elementor-element elementor-element-4167d97 elementor-widget elementor-widget-text-editor\" data-id=\"4167d97\" data-element_type=\"widget\" data-e-type=\"widget\" data-widget_type=\"text-editor.default\">\n\t\t\t\t<div class=\"elementor-widget-container\">\n\t\t\t\t\t\t\t\t\t<p>Dzi\u0119ki do\u015bwiadczeniu i przeprowadzonej analizie jeste\u015bmy w stanie dopasowa\u0107 ofert\u0119 rozwi\u0105za\u0144 IT indywidualnie dla ka\u017cdego klienta.<br \/>Stawiamy na rozs\u0105dek. Nasze oferty staramy si\u0119 tworzy\u0107 zachowuj\u0105c balans pomi\u0119dzy jako\u015bci\u0105 dostarczanych rozwi\u0105za\u0144, a ich kosztami.<br \/>Nasze oferty sk\u0142adaj\u0105 si\u0119 z rozwi\u0105za\u0144, kt\u00f3re znamy, sami u\u017cywamy i do kt\u00f3rych jeste\u015bmy przekonani, a nie zawsze najdro\u017cszych lub daj\u0105cych nam najwi\u0119ksze prowizje.<\/p>\t\t\t\t\t\t\t\t<\/div>\n\t\t\t\t<\/div>\n\t\t\t\t\t<\/div>\n\t\t<\/div>\n\t\t\t\t\t<\/div>\n\t\t<\/section>\n\t\t\t\t<\/div>\n\t\t","protected":false},"excerpt":{"rendered":"<p>Analiza i doradztwo Dopasujemy ofert\u0119 dla Twojego Biznesu Przeprowadzamy dok\u0142adne analizy indywidualnych potrzeb ka\u017cdego z naszych klient\u00f3w. Dzi\u0119ki do\u015bwiadczeniu i przeprowadzonej analizie jeste\u015bmy w stanie dopasowa\u0107 ofert\u0119 rozwi\u0105za\u0144 IT indywidualnie dla ka\u017cdego klienta.Stawiamy na rozs\u0105dek. Nasze oferty staramy si\u0119 tworzy\u0107 zachowuj\u0105c balans pomi\u0119dzy jako\u015bci\u0105 dostarczanych rozwi\u0105za\u0144, a ich kosztami.Nasze oferty sk\u0142adaj\u0105 si\u0119 z rozwi\u0105za\u0144, kt\u00f3re [&hellip;]<\/p>\n","protected":false},"author":1,"featured_media":0,"parent":0,"menu_order":0,"comment_status":"closed","ping_status":"closed","template":"page-templates\/template-default.php","meta":{"_monsterinsights_skip_tracking":false,"_monsterinsights_sitenote_active":false,"_monsterinsights_sitenote_note":"","_monsterinsights_sitenote_category":0,"footnotes":""},"class_list":["post-2891","page","type-page","status-publish","hentry"],"yoast_head":"<!-- This site is optimized with the Yoast SEO plugin v27.4 - https:\/\/yoast.com\/product\/yoast-seo-wordpress\/ -->\n<title>Analiza i doradztwo - COMPLIT<\/title>\n<meta name=\"description\" content=\"Dopasujemy Ofert\u0119 Dla Twojego Biznesu. Przeprowadzamy dok\u0142adne analizy indywidualnych potrzeb ka\u017cdego z naszych klient\u00f3w.\" \/>\n<meta name=\"robots\" content=\"index, follow, max-snippet:-1, max-image-preview:large, max-video-preview:-1\" \/>\n<link rel=\"canonical\" href=\"http:\/\/complit.pl\/index.php\/analiza_doradztwo\/\" \/>\n<meta property=\"og:locale\" content=\"pl_PL\" \/>\n<meta property=\"og:type\" content=\"article\" \/>\n<meta property=\"og:title\" content=\"Analiza i doradztwo - COMPLIT\" \/>\n<meta property=\"og:description\" content=\"Dopasujemy Ofert\u0119 Dla Twojego Biznesu. Przeprowadzamy dok\u0142adne analizy indywidualnych potrzeb ka\u017cdego z naszych klient\u00f3w.\" \/>\n<meta property=\"og:url\" content=\"http:\/\/complit.pl\/index.php\/analiza_doradztwo\/\" \/>\n<meta property=\"og:site_name\" content=\"COMPLIT\" \/>\n<meta property=\"article:modified_time\" content=\"2024-05-20T10:42:33+00:00\" \/>\n<meta name=\"twitter:card\" content=\"summary_large_image\" \/>\n<meta name=\"twitter:label1\" content=\"Szacowany czas czytania\" \/>\n\t<meta name=\"twitter:data1\" content=\"1 minuta\" \/>\n<script type=\"application\/ld+json\" class=\"yoast-schema-graph\">{\"@context\":\"https:\\\/\\\/schema.org\",\"@graph\":[{\"@type\":\"WebPage\",\"@id\":\"http:\\\/\\\/complit.pl\\\/index.php\\\/analiza_doradztwo\\\/\",\"url\":\"http:\\\/\\\/complit.pl\\\/index.php\\\/analiza_doradztwo\\\/\",\"name\":\"Analiza i doradztwo - COMPLIT\",\"isPartOf\":{\"@id\":\"http:\\\/\\\/complit.pl\\\/#website\"},\"datePublished\":\"2021-01-07T11:11:59+00:00\",\"dateModified\":\"2024-05-20T10:42:33+00:00\",\"description\":\"Dopasujemy Ofert\u0119 Dla Twojego Biznesu. Przeprowadzamy dok\u0142adne analizy indywidualnych potrzeb ka\u017cdego z naszych klient\u00f3w.\",\"breadcrumb\":{\"@id\":\"http:\\\/\\\/complit.pl\\\/index.php\\\/analiza_doradztwo\\\/#breadcrumb\"},\"inLanguage\":\"pl-PL\",\"potentialAction\":[{\"@type\":\"ReadAction\",\"target\":[\"http:\\\/\\\/complit.pl\\\/index.php\\\/analiza_doradztwo\\\/\"]}]},{\"@type\":\"BreadcrumbList\",\"@id\":\"http:\\\/\\\/complit.pl\\\/index.php\\\/analiza_doradztwo\\\/#breadcrumb\",\"itemListElement\":[{\"@type\":\"ListItem\",\"position\":1,\"name\":\"Strona g\u0142\u00f3wna\",\"item\":\"https:\\\/\\\/complit.pl\\\/\"},{\"@type\":\"ListItem\",\"position\":2,\"name\":\"Analiza i doradztwo\"}]},{\"@type\":\"WebSite\",\"@id\":\"http:\\\/\\\/complit.pl\\\/#website\",\"url\":\"http:\\\/\\\/complit.pl\\\/\",\"name\":\"COMPLIT\",\"description\":\"We make IT works\",\"publisher\":{\"@id\":\"http:\\\/\\\/complit.pl\\\/#organization\"},\"potentialAction\":[{\"@type\":\"SearchAction\",\"target\":{\"@type\":\"EntryPoint\",\"urlTemplate\":\"http:\\\/\\\/complit.pl\\\/?s={search_term_string}\"},\"query-input\":{\"@type\":\"PropertyValueSpecification\",\"valueRequired\":true,\"valueName\":\"search_term_string\"}}],\"inLanguage\":\"pl-PL\"},{\"@type\":\"Organization\",\"@id\":\"http:\\\/\\\/complit.pl\\\/#organization\",\"name\":\"COMPLIT\",\"url\":\"http:\\\/\\\/complit.pl\\\/\",\"logo\":{\"@type\":\"ImageObject\",\"inLanguage\":\"pl-PL\",\"@id\":\"http:\\\/\\\/complit.pl\\\/#\\\/schema\\\/logo\\\/image\\\/\",\"url\":\"https:\\\/\\\/complit.pl\\\/wp-content\\\/uploads\\\/2023\\\/10\\\/malelogo.png\",\"contentUrl\":\"https:\\\/\\\/complit.pl\\\/wp-content\\\/uploads\\\/2023\\\/10\\\/malelogo.png\",\"width\":207,\"height\":68,\"caption\":\"COMPLIT\"},\"image\":{\"@id\":\"http:\\\/\\\/complit.pl\\\/#\\\/schema\\\/logo\\\/image\\\/\"}}]}<\/script>\n<!-- \/ Yoast SEO plugin. -->","yoast_head_json":{"title":"Analiza i doradztwo - COMPLIT","description":"Dopasujemy Ofert\u0119 Dla Twojego Biznesu. Przeprowadzamy dok\u0142adne analizy indywidualnych potrzeb ka\u017cdego z naszych klient\u00f3w.","robots":{"index":"index","follow":"follow","max-snippet":"max-snippet:-1","max-image-preview":"max-image-preview:large","max-video-preview":"max-video-preview:-1"},"canonical":"http:\/\/complit.pl\/index.php\/analiza_doradztwo\/","og_locale":"pl_PL","og_type":"article","og_title":"Analiza i doradztwo - COMPLIT","og_description":"Dopasujemy Ofert\u0119 Dla Twojego Biznesu. Przeprowadzamy dok\u0142adne analizy indywidualnych potrzeb ka\u017cdego z naszych klient\u00f3w.","og_url":"http:\/\/complit.pl\/index.php\/analiza_doradztwo\/","og_site_name":"COMPLIT","article_modified_time":"2024-05-20T10:42:33+00:00","twitter_card":"summary_large_image","twitter_misc":{"Szacowany czas czytania":"1 minuta"},"schema":{"@context":"https:\/\/schema.org","@graph":[{"@type":"WebPage","@id":"http:\/\/complit.pl\/index.php\/analiza_doradztwo\/","url":"http:\/\/complit.pl\/index.php\/analiza_doradztwo\/","name":"Analiza i doradztwo - COMPLIT","isPartOf":{"@id":"http:\/\/complit.pl\/#website"},"datePublished":"2021-01-07T11:11:59+00:00","dateModified":"2024-05-20T10:42:33+00:00","description":"Dopasujemy Ofert\u0119 Dla Twojego Biznesu. Przeprowadzamy dok\u0142adne analizy indywidualnych potrzeb ka\u017cdego z naszych klient\u00f3w.","breadcrumb":{"@id":"http:\/\/complit.pl\/index.php\/analiza_doradztwo\/#breadcrumb"},"inLanguage":"pl-PL","potentialAction":[{"@type":"ReadAction","target":["http:\/\/complit.pl\/index.php\/analiza_doradztwo\/"]}]},{"@type":"BreadcrumbList","@id":"http:\/\/complit.pl\/index.php\/analiza_doradztwo\/#breadcrumb","itemListElement":[{"@type":"ListItem","position":1,"name":"Strona g\u0142\u00f3wna","item":"https:\/\/complit.pl\/"},{"@type":"ListItem","position":2,"name":"Analiza i doradztwo"}]},{"@type":"WebSite","@id":"http:\/\/complit.pl\/#website","url":"http:\/\/complit.pl\/","name":"COMPLIT","description":"We make IT works","publisher":{"@id":"http:\/\/complit.pl\/#organization"},"potentialAction":[{"@type":"SearchAction","target":{"@type":"EntryPoint","urlTemplate":"http:\/\/complit.pl\/?s={search_term_string}"},"query-input":{"@type":"PropertyValueSpecification","valueRequired":true,"valueName":"search_term_string"}}],"inLanguage":"pl-PL"},{"@type":"Organization","@id":"http:\/\/complit.pl\/#organization","name":"COMPLIT","url":"http:\/\/complit.pl\/","logo":{"@type":"ImageObject","inLanguage":"pl-PL","@id":"http:\/\/complit.pl\/#\/schema\/logo\/image\/","url":"https:\/\/complit.pl\/wp-content\/uploads\/2023\/10\/malelogo.png","contentUrl":"https:\/\/complit.pl\/wp-content\/uploads\/2023\/10\/malelogo.png","width":207,"height":68,"caption":"COMPLIT"},"image":{"@id":"http:\/\/complit.pl\/#\/schema\/logo\/image\/"}}]}},"jetpack_sharing_enabled":true,"_links":{"self":[{"href":"https:\/\/complit.pl\/index.php\/wp-json\/wp\/v2\/pages\/2891","targetHints":{"allow":["GET"]}}],"collection":[{"href":"https:\/\/complit.pl\/index.php\/wp-json\/wp\/v2\/pages"}],"about":[{"href":"https:\/\/complit.pl\/index.php\/wp-json\/wp\/v2\/types\/page"}],"author":[{"embeddable":true,"href":"https:\/\/complit.pl\/index.php\/wp-json\/wp\/v2\/users\/1"}],"replies":[{"embeddable":true,"href":"https:\/\/complit.pl\/index.php\/wp-json\/wp\/v2\/comments?post=2891"}],"version-history":[{"count":9,"href":"https:\/\/complit.pl\/index.php\/wp-json\/wp\/v2\/pages\/2891\/revisions"}],"predecessor-version":[{"id":14486,"href":"https:\/\/complit.pl\/index.php\/wp-json\/wp\/v2\/pages\/2891\/revisions\/14486"}],"wp:attachment":[{"href":"https:\/\/complit.pl\/index.php\/wp-json\/wp\/v2\/media?parent=2891"}],"curies":[{"name":"wp","href":"https:\/\/api.w.org\/{rel}","templated":true}]}}