{"id":3132,"date":"2021-01-14T07:38:01","date_gmt":"2021-01-14T07:38:01","guid":{"rendered":"https:\/\/wp.ditsolution.net\/techno?page_id=3132"},"modified":"2025-10-30T11:44:07","modified_gmt":"2025-10-30T11:44:07","slug":"contact","status":"publish","type":"page","link":"https:\/\/complit.pl\/index.php\/contact\/","title":{"rendered":"Kontakt"},"content":{"rendered":"\t\t<div data-elementor-type=\"wp-page\" data-elementor-id=\"3132\" class=\"elementor elementor-3132\">\n\t\t\t\t\t\t<section class=\"elementor-section elementor-top-section elementor-element elementor-element-4300860 elementor-section-boxed elementor-section-height-default elementor-section-height-default\" data-id=\"4300860\" data-element_type=\"section\" data-e-type=\"section\">\n\t\t\t\t\t\t<div class=\"elementor-container elementor-column-gap-default\">\n\t\t\t\t\t<div class=\"elementor-column elementor-col-100 elementor-top-column elementor-element elementor-element-a912982\" data-id=\"a912982\" data-element_type=\"column\" data-e-type=\"column\">\n\t\t\t<div class=\"elementor-widget-wrap\">\n\t\t\t\t\t\t\t<\/div>\n\t\t<\/div>\n\t\t\t\t\t<\/div>\n\t\t<\/section>\n\t\t\t\t<section class=\"elementor-section elementor-top-section elementor-element elementor-element-6ebe5e6 elementor-section-boxed elementor-section-height-default elementor-section-height-default\" data-id=\"6ebe5e6\" data-element_type=\"section\" data-e-type=\"section\">\n\t\t\t\t\t\t<div class=\"elementor-container elementor-column-gap-default\">\n\t\t\t\t\t<div class=\"elementor-column elementor-col-100 elementor-top-column elementor-element elementor-element-7a2cfc5\" data-id=\"7a2cfc5\" data-element_type=\"column\" data-e-type=\"column\">\n\t\t\t<div class=\"elementor-widget-wrap elementor-element-populated\">\n\t\t\t\t\t\t<div class=\"elementor-element elementor-element-c361dbb elementor-widget elementor-widget-sectiontitle\" data-id=\"c361dbb\" data-element_type=\"widget\" data-e-type=\"widget\" data-widget_type=\"sectiontitle.default\">\n\t\t\t\t<div class=\"elementor-widget-container\">\n\t\t\t\t\t\r\n\t\t\t\t\t<div class=\"\">\r\n\r\n\t\t\t\t<div class=\"section-title t_center\">\r\n\t\t\t\t\t \r\n\t\t\t\t\t\t<h5>Kontakt z nami <\/h5>\r\n\t\t\t\t\t\r\n\t\t\t\t\t \r\n\t\t\t\t\t\t<h3>Jeste\u015bmy dla Ciebie <\/h3>\r\n\t\t\t\t\t\r\n\t\t\t\t\t\t\t\t\t\t<div class=\"bar-main\">\r\n\t\t\t\t\t\t<div class=\"bar bar-big\"><\/div>\r\n\t\t\t\t\t<\/div>\r\n\r\n\t\t\t\t\t \r\n\t\t\t\t\t\t<p>Masz jaki\u015b projekt na my\u015bli? Potrzebujesz pomocy informatycznej? Ch\u0119tnie si\u0119 o nim dowiemy. Po\u015bwi\u0119\u0107 pi\u0119\u0107 minut na wype\u0142nienie naszego formularza projektowego, aby\u015bmy mogli Ci\u0119 lepiej pozna\u0107 i zrozumie\u0107 Tw\u00f3j projekt.<\/p>\r\n\t\t\t\t\t\r\n\r\n\r\n\t\t\t\t<\/div>\t\r\n\r\n\t\t\t<\/div>\r\n\r\n\t\t\r\n\t\t\t\t\t\t<\/div>\n\t\t\t\t<\/div>\n\t\t\t\t<section class=\"elementor-section elementor-inner-section elementor-element elementor-element-889b768 elementor-section-boxed elementor-section-height-default elementor-section-height-default\" data-id=\"889b768\" data-element_type=\"section\" data-e-type=\"section\">\n\t\t\t\t\t\t<div class=\"elementor-container elementor-column-gap-default\">\n\t\t\t\t\t<div class=\"elementor-column elementor-col-33 elementor-inner-column elementor-element elementor-element-512ff1c\" data-id=\"512ff1c\" data-element_type=\"column\" data-e-type=\"column\">\n\t\t\t<div class=\"elementor-widget-wrap elementor-element-populated\">\n\t\t\t\t\t\t<div class=\"elementor-element elementor-element-5f49b0a elementor-widget elementor-widget-iconbox\" data-id=\"5f49b0a\" data-element_type=\"widget\" data-e-type=\"widget\" data-widget_type=\"iconbox.default\">\n\t\t\t\t<div class=\"elementor-widget-container\">\n\t\t\t\t\t\n\t\t\n\t\t<div class=\"icon-box style-two\">\n\n\t\t\t<div class=\"icon-box-icon\">\n\n\t\t\t\t\t\t\t\t<div class=\"icon\">\n\t\t\t\t\t<i class=\"flaticon flaticon-placeholder\"><\/i>\n\t\t\t\t<\/div>\n\n\t\t\t\t\n\t\t\t<\/div>\n\n\t\t\t<div class=\"icon-box-content\">\n\t\t\t\t<div class=\"title\">\n\t\t\t\t\t<h2>Nasz adres<\/h2>\n\t\t\t\t<\/div>\n\t\t\t\t<div class=\"description\">\n\t\t\t\t\t<p>ul. Grzybowska 80\/82 <br> \n00-844 Warszawa <br>\nPi\u0119tro 1 pok. 101\n\n<\/p>\n\t\t\t\t<\/div>\n\t\t\t<\/div>\n\t\t<\/div>\n\t\t\n\t\t\n\t\t\t\t\t\t<\/div>\n\t\t\t\t<\/div>\n\t\t\t\t\t<\/div>\n\t\t<\/div>\n\t\t\t\t<div class=\"elementor-column elementor-col-33 elementor-inner-column elementor-element elementor-element-949435b\" data-id=\"949435b\" data-element_type=\"column\" data-e-type=\"column\">\n\t\t\t<div class=\"elementor-widget-wrap elementor-element-populated\">\n\t\t\t\t\t\t<div class=\"elementor-element elementor-element-34efd43 elementor-widget elementor-widget-iconbox\" data-id=\"34efd43\" data-element_type=\"widget\" data-e-type=\"widget\" data-widget_type=\"iconbox.default\">\n\t\t\t\t<div class=\"elementor-widget-container\">\n\t\t\t\t\t\n\t\t\n\t\t<div class=\"icon-box style-two\">\n\n\t\t\t<div class=\"icon-box-icon\">\n\n\t\t\t\t\t\t\t\t<div class=\"icon\">\n\t\t\t\t\t<i class=\"flaticon flaticon-clock-2\"><\/i>\n\t\t\t\t<\/div>\n\n\t\t\t\t\n\t\t\t<\/div>\n\n\t\t\t<div class=\"icon-box-content\">\n\t\t\t\t<div class=\"title\">\n\t\t\t\t\t<h2>Pracujemy<\/h2>\n\t\t\t\t<\/div>\n\t\t\t\t<div class=\"description\">\n\t\t\t\t\t<p>Pn - Pt: 8:00 - 16:00<br><br><br><\/p>\n\t\t\t\t<\/div>\n\t\t\t<\/div>\n\t\t<\/div>\n\t\t\n\t\t\n\t\t\t\t\t\t<\/div>\n\t\t\t\t<\/div>\n\t\t\t\t\t<\/div>\n\t\t<\/div>\n\t\t\t\t<div class=\"elementor-column elementor-col-33 elementor-inner-column elementor-element elementor-element-85d3680\" data-id=\"85d3680\" data-element_type=\"column\" data-e-type=\"column\">\n\t\t\t<div class=\"elementor-widget-wrap elementor-element-populated\">\n\t\t\t\t\t\t<div class=\"elementor-element elementor-element-c866ded elementor-widget elementor-widget-iconbox\" data-id=\"c866ded\" data-element_type=\"widget\" data-e-type=\"widget\" data-widget_type=\"iconbox.default\">\n\t\t\t\t<div class=\"elementor-widget-container\">\n\t\t\t\t\t\n\t\t\n\t\t<div class=\"icon-box style-two\">\n\n\t\t\t<div class=\"icon-box-icon\">\n\n\t\t\t\t\t\t\t\t<div class=\"icon\">\n\t\t\t\t\t<i class=\"flaticon flaticon-call\"><\/i>\n\t\t\t\t<\/div>\n\n\t\t\t\t\n\t\t\t<\/div>\n\n\t\t\t<div class=\"icon-box-content\">\n\t\t\t\t<div class=\"title\">\n\t\t\t\t\t<h2>Kontakt z nami<\/h2>\n\t\t\t\t<\/div>\n\t\t\t\t<div class=\"description\">\n\t\t\t\t\t<p>support@complit.pl<br> \n+22 100 5 100<br><br>\n<\/p>\n\t\t\t\t<\/div>\n\t\t\t<\/div>\n\t\t<\/div>\n\t\t\n\t\t\n\t\t\t\t\t\t<\/div>\n\t\t\t\t<\/div>\n\t\t\t\t\t<\/div>\n\t\t<\/div>\n\t\t\t\t\t<\/div>\n\t\t<\/section>\n\t\t\t\t\t<\/div>\n\t\t<\/div>\n\t\t\t\t\t<\/div>\n\t\t<\/section>\n\t\t\t\t<section class=\"elementor-section elementor-top-section elementor-element elementor-element-aaa6818 elementor-section-boxed elementor-section-height-default elementor-section-height-default\" data-id=\"aaa6818\" data-element_type=\"section\" data-e-type=\"section\" data-settings=\"{&quot;background_background&quot;:&quot;classic&quot;}\">\n\t\t\t\t\t\t<div class=\"elementor-container elementor-column-gap-default\">\n\t\t\t\t\t<div class=\"elementor-column elementor-col-100 elementor-top-column elementor-element elementor-element-50d87a7\" data-id=\"50d87a7\" data-element_type=\"column\" data-e-type=\"column\">\n\t\t\t<div class=\"elementor-widget-wrap elementor-element-populated\">\n\t\t\t\t\t\t<div class=\"elementor-element elementor-element-61880a7 elementor-widget elementor-widget-sectiontitle\" data-id=\"61880a7\" data-element_type=\"widget\" data-e-type=\"widget\" data-widget_type=\"sectiontitle.default\">\n\t\t\t\t<div class=\"elementor-widget-container\">\n\t\t\t\t\t\r\n\t\t\t\t\t<div class=\"\">\r\n\r\n\t\t\t\t<div class=\"section-title t_center\">\r\n\t\t\t\t\t \r\n\t\t\t\t\t\t<h5>Skontaktuj si\u0119 z nami<\/h5>\r\n\t\t\t\t\t\r\n\t\t\t\t\t \r\n\t\t\t\t\t\t<h3>Odpowiemy na wszystkie pytania<\/h3>\r\n\t\t\t\t\t\r\n\t\t\t\t\t \r\n\t\t\t\t\t\t<h2>Wype\u0142nij formularz<span><\/span><\/h2>\r\n\t\t\t\t\t\t\t\t\t\t<div class=\"bar-main\">\r\n\t\t\t\t\t\t<div class=\"bar bar-big\"><\/div>\r\n\t\t\t\t\t<\/div>\r\n\r\n\t\t\t\t\t\r\n\r\n\r\n\t\t\t\t<\/div>\t\r\n\r\n\t\t\t<\/div>\r\n\r\n\t\t\r\n\t\t\t\t\t\t<\/div>\n\t\t\t\t<\/div>\n\t\t\t\t<div class=\"elementor-element elementor-element-c163e13 elementor-widget elementor-widget-shortcode\" data-id=\"c163e13\" data-element_type=\"widget\" data-e-type=\"widget\" data-widget_type=\"shortcode.default\">\n\t\t\t\t<div class=\"elementor-widget-container\">\n\t\t\t\t\t\t\t<div class=\"elementor-shortcode\">\n<div class=\"wpcf7 no-js\" id=\"wpcf7-f2356-o1\" lang=\"en-US\" dir=\"ltr\" data-wpcf7-id=\"2356\">\n<div class=\"screen-reader-response\"><p role=\"status\" aria-live=\"polite\" aria-atomic=\"true\"><\/p> <ul><\/ul><\/div>\n<form action=\"\/index.php\/wp-json\/wp\/v2\/pages\/3132#wpcf7-f2356-o1\" method=\"post\" class=\"wpcf7-form init\" aria-label=\"Contact form\" novalidate=\"novalidate\" data-status=\"init\">\n<fieldset class=\"hidden-fields-container\"><input type=\"hidden\" name=\"_wpcf7\" value=\"2356\" \/><input type=\"hidden\" name=\"_wpcf7_version\" value=\"6.1.5\" \/><input type=\"hidden\" name=\"_wpcf7_locale\" value=\"en_US\" \/><input type=\"hidden\" name=\"_wpcf7_unit_tag\" value=\"wpcf7-f2356-o1\" \/><input type=\"hidden\" name=\"_wpcf7_container_post\" value=\"0\" \/><input type=\"hidden\" name=\"_wpcf7_posted_data_hash\" value=\"\" \/><input type=\"hidden\" name=\"_wpcf7_recaptcha_response\" value=\"\" \/>\n<\/fieldset>\n<div class=\"form-area\">\n\t<div class=\"form-inner\">\n\t\t<div class=\"form-controls row\">\n\t\t\t<div class=\"col-md-6\">\n\t\t\t\t<div class=\"form-group\">\n\t\t\t\t\t<p><span class=\"wpcf7-form-control-wrap\" data-name=\"sub\"><input size=\"40\" maxlength=\"400\" class=\"wpcf7-form-control wpcf7-text wpcf7-validates-as-required form-control\" aria-required=\"true\" aria-invalid=\"false\" placeholder=\"Imi\u0119\" value=\"\" type=\"text\" name=\"sub\" \/><\/span>\n\t\t\t\t\t<\/p>\n\t\t\t\t<\/div>\n\t\t\t<\/div>\n\t\t\t<div class=\"col-md-6\">\n\t\t\t\t<div class=\"form-group\">\n\t\t\t\t\t<p><span class=\"wpcf7-form-control-wrap\" data-name=\"sub1\"><input size=\"40\" maxlength=\"400\" class=\"wpcf7-form-control wpcf7-text wpcf7-validates-as-required form-control\" aria-required=\"true\" aria-invalid=\"false\" placeholder=\"Nazwisko\" value=\"\" type=\"text\" name=\"sub1\" \/><\/span>\n\t\t\t\t\t<\/p>\n\t\t\t\t<\/div>\n\t\t\t<\/div>\n\t\t\t<div class=\"col-md-6\">\n\t\t\t\t<div class=\"form-group\">\n\t\t\t\t\t<p><span class=\"wpcf7-form-control-wrap\" data-name=\"sub2\"><input size=\"40\" maxlength=\"400\" class=\"wpcf7-form-control wpcf7-email wpcf7-validates-as-required wpcf7-text wpcf7-validates-as-email form-control\" aria-required=\"true\" aria-invalid=\"false\" placeholder=\"Email\" value=\"\" type=\"email\" name=\"sub2\" \/><\/span>\n\t\t\t\t\t<\/p>\n\t\t\t\t<\/div>\n\t\t\t<\/div>\n\t\t\t<div class=\"col-md-6\">\n\t\t\t\t<div class=\"form-group\">\n\t\t\t\t\t<p><span class=\"wpcf7-form-control-wrap\" data-name=\"sub3\"><input size=\"40\" maxlength=\"400\" class=\"wpcf7-form-control wpcf7-text wpcf7-validates-as-required form-control\" aria-required=\"true\" aria-invalid=\"false\" placeholder=\"Telefon\" value=\"\" type=\"text\" name=\"sub3\" \/><\/span>\n\t\t\t\t\t<\/p>\n\t\t\t\t<\/div>\n\t\t\t<\/div>\n\t\t\t<div class=\"col-md-12\">\n\t\t\t\t<div class=\"form-group\">\n\t\t\t\t\t<p><span class=\"wpcf7-form-control-wrap\" data-name=\"textarea-234\"><textarea cols=\"20\" rows=\"7\" maxlength=\"2000\" class=\"wpcf7-form-control wpcf7-textarea wpcf7-validates-as-required form-control\" aria-required=\"true\" aria-invalid=\"false\" placeholder=\"Twoja wiadomo\u015b\u0107\" name=\"textarea-234\"><\/textarea><\/span>\n\t\t\t\t\t<\/p>\n\t\t\t\t<\/div>\n\t\t\t<\/div>\n\t\t\t<div class=\"col-md-12\">\n\t\t\t\t<div class=\"form-group\">\n\t\t\t\t\t<div class=\"buttons\">\n\t\t\t\t\t\t<p><input class=\"wpcf7-form-control wpcf7-submit has-spinner button\" type=\"submit\" value=\"Wy\u015blij\" \/>\n\t\t\t\t\t\t<\/p>\n\t\t\t\t\t<\/div>\n\t\t\t\t<\/div>\n\t\t\t<\/div>\n\t\t<\/div>\n\t<\/div>\n<\/div><div class=\"wpcf7-response-output\" aria-hidden=\"true\"><\/div>\n<\/form>\n<\/div>\n<\/div>\n\t\t\t\t\t\t<\/div>\n\t\t\t\t<\/div>\n\t\t\t\t\t<\/div>\n\t\t<\/div>\n\t\t\t\t\t<\/div>\n\t\t<\/section>\n\t\t\t\t<section class=\"elementor-section elementor-top-section elementor-element elementor-element-df1a1dc elementor-section-full_width elementor-section-height-default elementor-section-height-default\" data-id=\"df1a1dc\" data-element_type=\"section\" data-e-type=\"section\">\n\t\t\t\t\t\t<div class=\"elementor-container elementor-column-gap-no\">\n\t\t\t\t\t<div class=\"elementor-column elementor-col-100 elementor-top-column elementor-element elementor-element-4d0bef0\" data-id=\"4d0bef0\" data-element_type=\"column\" data-e-type=\"column\">\n\t\t\t<div class=\"elementor-widget-wrap elementor-element-populated\">\n\t\t\t\t\t\t<div class=\"elementor-element elementor-element-0cde58d elementor-widget elementor-widget-google_maps\" data-id=\"0cde58d\" data-element_type=\"widget\" data-e-type=\"widget\" data-widget_type=\"google_maps.default\">\n\t\t\t\t<div class=\"elementor-widget-container\">\n\t\t\t\t\t\t\t<div class=\"elementor-custom-embed\">\n\t\t\t<iframe loading=\"lazy\"\n\t\t\t\t\tsrc=\"https:\/\/maps.google.com\/maps?q=Warszawa&#038;t=m&#038;z=9&#038;output=embed&#038;iwloc=near\"\n\t\t\t\t\ttitle=\"Warszawa\"\n\t\t\t\t\taria-label=\"Warszawa\"\n\t\t\t><\/iframe>\n\t\t<\/div>\n\t\t\t\t\t\t<\/div>\n\t\t\t\t<\/div>\n\t\t\t\t\t<\/div>\n\t\t<\/div>\n\t\t\t\t\t<\/div>\n\t\t<\/section>\n\t\t<div class=\"elementor-element elementor-element-3cd085b e-flex e-con-boxed e-con e-parent\" data-id=\"3cd085b\" data-element_type=\"container\" data-e-type=\"container\">\n\t\t\t\t\t<div class=\"e-con-inner\">\n\t\t\t\t\t<\/div>\n\t\t\t\t<\/div>\n\t\t\t\t<\/div>\n\t\t","protected":false},"excerpt":{"rendered":"<p>Kontakt z nami Jeste\u015bmy dla Ciebie Masz jaki\u015b projekt na my\u015bli? Potrzebujesz pomocy informatycznej? Ch\u0119tnie si\u0119 o nim dowiemy. Po\u015bwi\u0119\u0107 pi\u0119\u0107 minut na wype\u0142nienie naszego formularza projektowego, aby\u015bmy mogli Ci\u0119 lepiej pozna\u0107 i zrozumie\u0107 Tw\u00f3j projekt. Nasz adres ul. Grzybowska 80\/82 00-844 Warszawa Pi\u0119tro 1 pok. 101 Pracujemy Pn &#8211; Pt: 8:00 &#8211; 16:00 Kontakt [&hellip;]<\/p>\n","protected":false},"author":1,"featured_media":0,"parent":0,"menu_order":0,"comment_status":"closed","ping_status":"closed","template":"page-templates\/template-default.php","meta":{"_monsterinsights_skip_tracking":false,"_monsterinsights_sitenote_active":false,"_monsterinsights_sitenote_note":"","_monsterinsights_sitenote_category":0,"footnotes":""},"class_list":["post-3132","page","type-page","status-publish","hentry"],"yoast_head":"<!-- This site is optimized with the Yoast SEO plugin v27.4 - https:\/\/yoast.com\/product\/yoast-seo-wordpress\/ -->\n<title>Kontakt - COMPLIT<\/title>\n<meta name=\"description\" content=\"Potrzebujesz pomocy informatycznej? Po\u015bwi\u0119\u0107 chwil\u0119 na kontakt, a my zrobimy wszystko co w naszej mocy aby rozwi\u0105za\u0107 Tw\u00f3j problem\" \/>\n<meta name=\"robots\" content=\"index, follow, max-snippet:-1, max-image-preview:large, max-video-preview:-1\" \/>\n<link rel=\"canonical\" href=\"https:\/\/complit.pl\/index.php\/contact\/\" \/>\n<meta property=\"og:locale\" content=\"pl_PL\" \/>\n<meta property=\"og:type\" content=\"article\" \/>\n<meta property=\"og:title\" content=\"Kontakt - COMPLIT\" \/>\n<meta property=\"og:description\" content=\"Potrzebujesz pomocy informatycznej? Po\u015bwi\u0119\u0107 chwil\u0119 na kontakt, a my zrobimy wszystko co w naszej mocy aby rozwi\u0105za\u0107 Tw\u00f3j problem\" \/>\n<meta property=\"og:url\" content=\"https:\/\/complit.pl\/index.php\/contact\/\" \/>\n<meta property=\"og:site_name\" content=\"COMPLIT\" \/>\n<meta property=\"article:modified_time\" content=\"2025-10-30T11:44:07+00:00\" \/>\n<meta name=\"twitter:card\" content=\"summary_large_image\" \/>\n<meta name=\"twitter:label1\" content=\"Szacowany czas czytania\" \/>\n\t<meta name=\"twitter:data1\" content=\"1 minuta\" \/>\n<script type=\"application\/ld+json\" class=\"yoast-schema-graph\">{\"@context\":\"https:\\\/\\\/schema.org\",\"@graph\":[{\"@type\":[\"WebPage\",\"ContactPage\"],\"@id\":\"https:\\\/\\\/complit.pl\\\/index.php\\\/contact\\\/\",\"url\":\"https:\\\/\\\/complit.pl\\\/index.php\\\/contact\\\/\",\"name\":\"Kontakt - COMPLIT\",\"isPartOf\":{\"@id\":\"http:\\\/\\\/complit.pl\\\/#website\"},\"datePublished\":\"2021-01-14T07:38:01+00:00\",\"dateModified\":\"2025-10-30T11:44:07+00:00\",\"description\":\"Potrzebujesz pomocy informatycznej? Po\u015bwi\u0119\u0107 chwil\u0119 na kontakt, a my zrobimy wszystko co w naszej mocy aby rozwi\u0105za\u0107 Tw\u00f3j problem\",\"breadcrumb\":{\"@id\":\"https:\\\/\\\/complit.pl\\\/index.php\\\/contact\\\/#breadcrumb\"},\"inLanguage\":\"pl-PL\",\"potentialAction\":[{\"@type\":\"ReadAction\",\"target\":[\"https:\\\/\\\/complit.pl\\\/index.php\\\/contact\\\/\"]}]},{\"@type\":\"BreadcrumbList\",\"@id\":\"https:\\\/\\\/complit.pl\\\/index.php\\\/contact\\\/#breadcrumb\",\"itemListElement\":[{\"@type\":\"ListItem\",\"position\":1,\"name\":\"Strona g\u0142\u00f3wna\",\"item\":\"https:\\\/\\\/complit.pl\\\/\"},{\"@type\":\"ListItem\",\"position\":2,\"name\":\"Kontakt\"}]},{\"@type\":\"WebSite\",\"@id\":\"http:\\\/\\\/complit.pl\\\/#website\",\"url\":\"http:\\\/\\\/complit.pl\\\/\",\"name\":\"COMPLIT\",\"description\":\"We make IT works\",\"publisher\":{\"@id\":\"http:\\\/\\\/complit.pl\\\/#organization\"},\"potentialAction\":[{\"@type\":\"SearchAction\",\"target\":{\"@type\":\"EntryPoint\",\"urlTemplate\":\"http:\\\/\\\/complit.pl\\\/?s={search_term_string}\"},\"query-input\":{\"@type\":\"PropertyValueSpecification\",\"valueRequired\":true,\"valueName\":\"search_term_string\"}}],\"inLanguage\":\"pl-PL\"},{\"@type\":\"Organization\",\"@id\":\"http:\\\/\\\/complit.pl\\\/#organization\",\"name\":\"COMPLIT\",\"url\":\"http:\\\/\\\/complit.pl\\\/\",\"logo\":{\"@type\":\"ImageObject\",\"inLanguage\":\"pl-PL\",\"@id\":\"http:\\\/\\\/complit.pl\\\/#\\\/schema\\\/logo\\\/image\\\/\",\"url\":\"https:\\\/\\\/complit.pl\\\/wp-content\\\/uploads\\\/2023\\\/10\\\/malelogo.png\",\"contentUrl\":\"https:\\\/\\\/complit.pl\\\/wp-content\\\/uploads\\\/2023\\\/10\\\/malelogo.png\",\"width\":207,\"height\":68,\"caption\":\"COMPLIT\"},\"image\":{\"@id\":\"http:\\\/\\\/complit.pl\\\/#\\\/schema\\\/logo\\\/image\\\/\"}}]}<\/script>\n<!-- \/ Yoast SEO plugin. -->","yoast_head_json":{"title":"Kontakt - COMPLIT","description":"Potrzebujesz pomocy informatycznej? Po\u015bwi\u0119\u0107 chwil\u0119 na kontakt, a my zrobimy wszystko co w naszej mocy aby rozwi\u0105za\u0107 Tw\u00f3j problem","robots":{"index":"index","follow":"follow","max-snippet":"max-snippet:-1","max-image-preview":"max-image-preview:large","max-video-preview":"max-video-preview:-1"},"canonical":"https:\/\/complit.pl\/index.php\/contact\/","og_locale":"pl_PL","og_type":"article","og_title":"Kontakt - COMPLIT","og_description":"Potrzebujesz pomocy informatycznej? Po\u015bwi\u0119\u0107 chwil\u0119 na kontakt, a my zrobimy wszystko co w naszej mocy aby rozwi\u0105za\u0107 Tw\u00f3j problem","og_url":"https:\/\/complit.pl\/index.php\/contact\/","og_site_name":"COMPLIT","article_modified_time":"2025-10-30T11:44:07+00:00","twitter_card":"summary_large_image","twitter_misc":{"Szacowany czas czytania":"1 minuta"},"schema":{"@context":"https:\/\/schema.org","@graph":[{"@type":["WebPage","ContactPage"],"@id":"https:\/\/complit.pl\/index.php\/contact\/","url":"https:\/\/complit.pl\/index.php\/contact\/","name":"Kontakt - COMPLIT","isPartOf":{"@id":"http:\/\/complit.pl\/#website"},"datePublished":"2021-01-14T07:38:01+00:00","dateModified":"2025-10-30T11:44:07+00:00","description":"Potrzebujesz pomocy informatycznej? Po\u015bwi\u0119\u0107 chwil\u0119 na kontakt, a my zrobimy wszystko co w naszej mocy aby rozwi\u0105za\u0107 Tw\u00f3j problem","breadcrumb":{"@id":"https:\/\/complit.pl\/index.php\/contact\/#breadcrumb"},"inLanguage":"pl-PL","potentialAction":[{"@type":"ReadAction","target":["https:\/\/complit.pl\/index.php\/contact\/"]}]},{"@type":"BreadcrumbList","@id":"https:\/\/complit.pl\/index.php\/contact\/#breadcrumb","itemListElement":[{"@type":"ListItem","position":1,"name":"Strona g\u0142\u00f3wna","item":"https:\/\/complit.pl\/"},{"@type":"ListItem","position":2,"name":"Kontakt"}]},{"@type":"WebSite","@id":"http:\/\/complit.pl\/#website","url":"http:\/\/complit.pl\/","name":"COMPLIT","description":"We make IT works","publisher":{"@id":"http:\/\/complit.pl\/#organization"},"potentialAction":[{"@type":"SearchAction","target":{"@type":"EntryPoint","urlTemplate":"http:\/\/complit.pl\/?s={search_term_string}"},"query-input":{"@type":"PropertyValueSpecification","valueRequired":true,"valueName":"search_term_string"}}],"inLanguage":"pl-PL"},{"@type":"Organization","@id":"http:\/\/complit.pl\/#organization","name":"COMPLIT","url":"http:\/\/complit.pl\/","logo":{"@type":"ImageObject","inLanguage":"pl-PL","@id":"http:\/\/complit.pl\/#\/schema\/logo\/image\/","url":"https:\/\/complit.pl\/wp-content\/uploads\/2023\/10\/malelogo.png","contentUrl":"https:\/\/complit.pl\/wp-content\/uploads\/2023\/10\/malelogo.png","width":207,"height":68,"caption":"COMPLIT"},"image":{"@id":"http:\/\/complit.pl\/#\/schema\/logo\/image\/"}}]}},"jetpack_sharing_enabled":true,"_links":{"self":[{"href":"https:\/\/complit.pl\/index.php\/wp-json\/wp\/v2\/pages\/3132","targetHints":{"allow":["GET"]}}],"collection":[{"href":"https:\/\/complit.pl\/index.php\/wp-json\/wp\/v2\/pages"}],"about":[{"href":"https:\/\/complit.pl\/index.php\/wp-json\/wp\/v2\/types\/page"}],"author":[{"embeddable":true,"href":"https:\/\/complit.pl\/index.php\/wp-json\/wp\/v2\/users\/1"}],"replies":[{"embeddable":true,"href":"https:\/\/complit.pl\/index.php\/wp-json\/wp\/v2\/comments?post=3132"}],"version-history":[{"count":19,"href":"https:\/\/complit.pl\/index.php\/wp-json\/wp\/v2\/pages\/3132\/revisions"}],"predecessor-version":[{"id":14781,"href":"https:\/\/complit.pl\/index.php\/wp-json\/wp\/v2\/pages\/3132\/revisions\/14781"}],"wp:attachment":[{"href":"https:\/\/complit.pl\/index.php\/wp-json\/wp\/v2\/media?parent=3132"}],"curies":[{"name":"wp","href":"https:\/\/api.w.org\/{rel}","templated":true}]}}